{"id":37828,"date":"2026-02-19T20:38:16","date_gmt":"2026-02-19T18:38:16","guid":{"rendered":"https:\/\/alleegalerii.ee\/?post_type=product&#038;p=37828"},"modified":"2026-02-19T20:38:16","modified_gmt":"2026-02-19T18:38:16","slug":"vive-tolli-kalur-kassiga-1965","status":"publish","type":"product","link":"https:\/\/alleegalerii.ee\/en\/shop\/vive-tolli-kalur-kassiga-1965\/","title":{"rendered":"Vive Tolli &#8220;Kalur kassiga&#8221;, 1965"},"content":{"rendered":"","protected":false},"excerpt":{"rendered":"<p>S\u00f6\u00f6vitus paberil. Raamitud.<\/p>\n<p>M\u00f5\u00f5dud: plm 23 x 32 cm, raamiga 41 x 53 cm.<\/p>\n<p>All vasakul: 4. &#8220;Kalur kassiga&#8221; (s\u00f6\u00f6vitus) vask<br \/>\nAll paremal: VTolli 1965<\/p>\n<p>Vive Tolli (1928 \u2013 2020), rohkelt auhindu saanud kunstnik l\u00f5petas 1953. aastal Eesti NSV Riikliku Kunstiinstituudi graafikuna ning hiljem t\u00e4iendas end Jugoslaavias ja Kanadas \u00f5ppides.<\/p>\n","protected":false},"featured_media":37849,"template":"","meta":{"_acf_changed":false},"product_brand":[],"product_cat":[61,59],"product_tag":[60],"class_list":{"0":"post-37828","1":"product","2":"type-product","3":"status-publish","4":"has-post-thumbnail","6":"product_cat-graafika","7":"product_cat-e-pood","8":"product_tag-e-pood","10":"first","11":"instock","12":"shipping-taxable","13":"purchasable","14":"product-type-simple"},"acf":[],"_links":{"self":[{"href":"https:\/\/alleegalerii.ee\/en\/wp-json\/wp\/v2\/product\/37828","targetHints":{"allow":["GET"]}}],"collection":[{"href":"https:\/\/alleegalerii.ee\/en\/wp-json\/wp\/v2\/product"}],"about":[{"href":"https:\/\/alleegalerii.ee\/en\/wp-json\/wp\/v2\/types\/product"}],"wp:featuredmedia":[{"embeddable":true,"href":"https:\/\/alleegalerii.ee\/en\/wp-json\/wp\/v2\/media\/37849"}],"wp:attachment":[{"href":"https:\/\/alleegalerii.ee\/en\/wp-json\/wp\/v2\/media?parent=37828"}],"wp:term":[{"taxonomy":"product_brand","embeddable":true,"href":"https:\/\/alleegalerii.ee\/en\/wp-json\/wp\/v2\/product_brand?post=37828"},{"taxonomy":"product_cat","embeddable":true,"href":"https:\/\/alleegalerii.ee\/en\/wp-json\/wp\/v2\/product_cat?post=37828"},{"taxonomy":"product_tag","embeddable":true,"href":"https:\/\/alleegalerii.ee\/en\/wp-json\/wp\/v2\/product_tag?post=37828"}],"curies":[{"name":"wp","href":"https:\/\/api.w.org\/{rel}","templated":true}]}}