{"id":37765,"date":"2026-02-05T15:12:46","date_gmt":"2026-02-05T13:12:46","guid":{"rendered":"https:\/\/alleegalerii.ee\/?post_type=product&#038;p=37765"},"modified":"2026-03-05T07:58:34","modified_gmt":"2026-03-05T05:58:34","slug":"erich-pehap-kellalooja","status":"publish","type":"product","link":"https:\/\/alleegalerii.ee\/en\/shop\/erich-pehap-kellalooja\/","title":{"rendered":"Erich Pehap \u201cKellal\u00f6\u00f6ja\u201d"},"content":{"rendered":"","protected":false},"excerpt":{"rendered":"<p>Segatehnika paberil. Teos on m\u00fc\u00fcgil raamimata kujul. Soovi korral saame abiks olla raamimisel.<\/p>\n<p>M\u00f5\u00f5dud: 50 x 35 cm.<\/p>\n<p>All paremal: E. P<\/p>\n<p>Viljandis s\u00fcndinud Erich Pehap (1912-1981) \u00f5ppis Pallases maalikunsti, Riigi Kunstit\u00f6\u00f6stuskoolis keraamikat ja tarbegraafikat ning 1939 l\u00f5petas Pallase graafikuna. 1943. aastal Soome, sealt edasi Rootsi ning hiljem Kanadasse siirdunud kunstniku tegevus ja looming j\u00e4ttis kustumatu j\u00e4lje kohalikku kunstiellu.<\/p>\n","protected":false},"featured_media":37767,"template":"","meta":{"_acf_changed":false},"product_brand":[],"product_cat":[59,93],"product_tag":[60],"class_list":{"0":"post-37765","1":"product","2":"type-product","3":"status-publish","4":"has-post-thumbnail","6":"product_cat-e-pood","7":"product_cat-segatehnika","8":"product_tag-e-pood","10":"first","11":"instock","12":"sold-individually","13":"shipping-taxable","14":"purchasable","15":"product-type-simple"},"acf":[],"_links":{"self":[{"href":"https:\/\/alleegalerii.ee\/en\/wp-json\/wp\/v2\/product\/37765","targetHints":{"allow":["GET"]}}],"collection":[{"href":"https:\/\/alleegalerii.ee\/en\/wp-json\/wp\/v2\/product"}],"about":[{"href":"https:\/\/alleegalerii.ee\/en\/wp-json\/wp\/v2\/types\/product"}],"wp:featuredmedia":[{"embeddable":true,"href":"https:\/\/alleegalerii.ee\/en\/wp-json\/wp\/v2\/media\/37767"}],"wp:attachment":[{"href":"https:\/\/alleegalerii.ee\/en\/wp-json\/wp\/v2\/media?parent=37765"}],"wp:term":[{"taxonomy":"product_brand","embeddable":true,"href":"https:\/\/alleegalerii.ee\/en\/wp-json\/wp\/v2\/product_brand?post=37765"},{"taxonomy":"product_cat","embeddable":true,"href":"https:\/\/alleegalerii.ee\/en\/wp-json\/wp\/v2\/product_cat?post=37765"},{"taxonomy":"product_tag","embeddable":true,"href":"https:\/\/alleegalerii.ee\/en\/wp-json\/wp\/v2\/product_tag?post=37765"}],"curies":[{"name":"wp","href":"https:\/\/api.w.org\/{rel}","templated":true}]}}