{"id":37737,"date":"2026-01-31T15:19:21","date_gmt":"2026-01-31T13:19:21","guid":{"rendered":"https:\/\/alleegalerii.ee\/?post_type=product&#038;p=37737"},"modified":"2026-02-02T19:53:05","modified_gmt":"2026-02-02T17:53:05","slug":"peeter-must-ohtu-2025","status":"publish","type":"product","link":"https:\/\/alleegalerii.ee\/en\/shop\/peeter-must-ohtu-2025\/","title":{"rendered":"Peeter Must &#8220;\u00d5htu&#8221;, 2025"},"content":{"rendered":"","protected":false},"excerpt":{"rendered":"<p>\u00d5li l\u00f5uendil.<\/p>\n<p>M\u00f5\u00f5dud: 120 x 120 cm<\/p>\n<p>All paremal: Must 2025<br \/>\nP\u00f6\u00f6rdel: &#8220;\u00d5HTU&#8221; 120&#215;120 cm \u00d5LI, L\u00d5UEND 2025 A P. Must<\/p>\n<p>Peeter Must (s 1967) on l\u00f5petanud Eesti Kunstiakadeemia keraamikuna, ent on oma t\u00f5elise kutsumuse leidnud maalis. Oman\u00e4olise, selgelt \u00e4ratuntava k\u00e4ekirjaga Musta looming keskendub oma perfektse kompositsiooni otsingul v\u00e4rvile ning valguse ja varju vastandamisele.<\/p>\n","protected":false},"featured_media":37738,"template":"","meta":{"_acf_changed":false},"product_brand":[],"product_cat":[56,59],"product_tag":[60],"class_list":{"0":"post-37737","1":"product","2":"type-product","3":"status-publish","4":"has-post-thumbnail","6":"product_cat-olimaal","7":"product_cat-e-pood","8":"product_tag-e-pood","10":"first","11":"instock","12":"sold-individually","13":"shipping-taxable","14":"purchasable","15":"product-type-simple"},"acf":[],"_links":{"self":[{"href":"https:\/\/alleegalerii.ee\/en\/wp-json\/wp\/v2\/product\/37737","targetHints":{"allow":["GET"]}}],"collection":[{"href":"https:\/\/alleegalerii.ee\/en\/wp-json\/wp\/v2\/product"}],"about":[{"href":"https:\/\/alleegalerii.ee\/en\/wp-json\/wp\/v2\/types\/product"}],"wp:featuredmedia":[{"embeddable":true,"href":"https:\/\/alleegalerii.ee\/en\/wp-json\/wp\/v2\/media\/37738"}],"wp:attachment":[{"href":"https:\/\/alleegalerii.ee\/en\/wp-json\/wp\/v2\/media?parent=37737"}],"wp:term":[{"taxonomy":"product_brand","embeddable":true,"href":"https:\/\/alleegalerii.ee\/en\/wp-json\/wp\/v2\/product_brand?post=37737"},{"taxonomy":"product_cat","embeddable":true,"href":"https:\/\/alleegalerii.ee\/en\/wp-json\/wp\/v2\/product_cat?post=37737"},{"taxonomy":"product_tag","embeddable":true,"href":"https:\/\/alleegalerii.ee\/en\/wp-json\/wp\/v2\/product_tag?post=37737"}],"curies":[{"name":"wp","href":"https:\/\/api.w.org\/{rel}","templated":true}]}}