{"id":37690,"date":"2026-01-29T10:52:22","date_gmt":"2026-01-29T08:52:22","guid":{"rendered":"https:\/\/alleegalerii.ee\/?post_type=product&#038;p=37690"},"modified":"2026-04-10T23:56:57","modified_gmt":"2026-04-10T20:56:57","slug":"august-kunnapu-sissi-2022","status":"publish","type":"product","link":"https:\/\/alleegalerii.ee\/en\/shop\/august-kunnapu-sissi-2022\/","title":{"rendered":"August K\u00fcnnapu &#8220;Sissi&#8221;, 2022"},"content":{"rendered":"","protected":false},"excerpt":{"rendered":"<p>Akr\u00fc\u00fcl l\u00f5uendil.<\/p>\n<p>M\u00f5\u00f5dud: 40 x 30 cm.<\/p>\n<p>All paremal: AK-<br \/>\nP\u00f6\u00f6rdel: AUGUST K\u00dcNNAPU SISSI AKR\u00dc\u00dcL L\u00d5UENDIL 40&#215;30 cm 2022<\/p>\n","protected":false},"featured_media":37691,"template":"","meta":{"_acf_changed":false},"product_brand":[],"product_cat":[57,59,96],"product_tag":[60],"class_list":{"0":"post-37690","1":"product","2":"type-product","3":"status-publish","4":"has-post-thumbnail","6":"product_cat-muudud","7":"product_cat-e-pood","8":"product_cat-akruul","9":"product_tag-e-pood","11":"first","12":"outofstock","13":"sold-individually","14":"shipping-taxable","15":"purchasable","16":"product-type-simple"},"acf":[],"_links":{"self":[{"href":"https:\/\/alleegalerii.ee\/en\/wp-json\/wp\/v2\/product\/37690","targetHints":{"allow":["GET"]}}],"collection":[{"href":"https:\/\/alleegalerii.ee\/en\/wp-json\/wp\/v2\/product"}],"about":[{"href":"https:\/\/alleegalerii.ee\/en\/wp-json\/wp\/v2\/types\/product"}],"wp:featuredmedia":[{"embeddable":true,"href":"https:\/\/alleegalerii.ee\/en\/wp-json\/wp\/v2\/media\/37691"}],"wp:attachment":[{"href":"https:\/\/alleegalerii.ee\/en\/wp-json\/wp\/v2\/media?parent=37690"}],"wp:term":[{"taxonomy":"product_brand","embeddable":true,"href":"https:\/\/alleegalerii.ee\/en\/wp-json\/wp\/v2\/product_brand?post=37690"},{"taxonomy":"product_cat","embeddable":true,"href":"https:\/\/alleegalerii.ee\/en\/wp-json\/wp\/v2\/product_cat?post=37690"},{"taxonomy":"product_tag","embeddable":true,"href":"https:\/\/alleegalerii.ee\/en\/wp-json\/wp\/v2\/product_tag?post=37690"}],"curies":[{"name":"wp","href":"https:\/\/api.w.org\/{rel}","templated":true}]}}