{"id":37595,"date":"2026-01-20T16:00:42","date_gmt":"2026-01-20T14:00:42","guid":{"rendered":"https:\/\/alleegalerii.ee\/?post_type=product&#038;p=37595"},"modified":"2026-02-11T15:39:25","modified_gmt":"2026-02-11T13:39:25","slug":"edgar-valter-elu-on-ilus-1964","status":"publish","type":"product","link":"https:\/\/alleegalerii.ee\/en\/shop\/edgar-valter-elu-on-ilus-1964\/","title":{"rendered":"Edgar Valter &#8220;Elu on ilus&#8221;, 1964"},"content":{"rendered":"","protected":false},"excerpt":{"rendered":"<p>M\u00dc\u00dcDUD.<\/p>\n<p>Monot\u00fc\u00fcpia paberil. Raamitud.<\/p>\n<p>M\u00f5\u00f5dud: ava 36,5 x 21 cm, raamiga 62 x 45 cm.<\/p>\n<p>All paremal: EW64<\/p>\n<p>Edgar Valter (1929-2006) s\u00fcndis kaheksalapselises peres ning p\u00e4ris oma haruldase joonistamisande l\u00e4tlasest onult, L\u00e4ti Vabariigi vapi kujundanud kuulsalt graafikult Vilis Krumin\u0161ilt. Eelk\u00f5ige tunneme Valterit tema v\u00e4rvik\u00fcllase loomingu poolest ning seda haruldasemad on monokroomsed t\u00f6\u00f6d tema loomingus.<\/p>\n","protected":false},"featured_media":37604,"template":"","meta":{"_acf_changed":false},"product_brand":[],"product_cat":[61,404,57,59],"product_tag":[60],"class_list":{"0":"post-37595","1":"product","2":"type-product","3":"status-publish","4":"has-post-thumbnail","6":"product_cat-graafika","7":"product_cat-digimaal","8":"product_cat-muudud","9":"product_cat-e-pood","10":"product_tag-e-pood","12":"first","13":"outofstock","14":"sold-individually","15":"shipping-taxable","16":"purchasable","17":"product-type-simple"},"acf":[],"_links":{"self":[{"href":"https:\/\/alleegalerii.ee\/en\/wp-json\/wp\/v2\/product\/37595","targetHints":{"allow":["GET"]}}],"collection":[{"href":"https:\/\/alleegalerii.ee\/en\/wp-json\/wp\/v2\/product"}],"about":[{"href":"https:\/\/alleegalerii.ee\/en\/wp-json\/wp\/v2\/types\/product"}],"wp:featuredmedia":[{"embeddable":true,"href":"https:\/\/alleegalerii.ee\/en\/wp-json\/wp\/v2\/media\/37604"}],"wp:attachment":[{"href":"https:\/\/alleegalerii.ee\/en\/wp-json\/wp\/v2\/media?parent=37595"}],"wp:term":[{"taxonomy":"product_brand","embeddable":true,"href":"https:\/\/alleegalerii.ee\/en\/wp-json\/wp\/v2\/product_brand?post=37595"},{"taxonomy":"product_cat","embeddable":true,"href":"https:\/\/alleegalerii.ee\/en\/wp-json\/wp\/v2\/product_cat?post=37595"},{"taxonomy":"product_tag","embeddable":true,"href":"https:\/\/alleegalerii.ee\/en\/wp-json\/wp\/v2\/product_tag?post=37595"}],"curies":[{"name":"wp","href":"https:\/\/api.w.org\/{rel}","templated":true}]}}