{"id":37539,"date":"2026-01-09T17:05:26","date_gmt":"2026-01-09T15:05:26","guid":{"rendered":"https:\/\/alleegalerii.ee\/?post_type=product&#038;p=37539"},"modified":"2026-01-21T17:35:32","modified_gmt":"2026-01-21T15:35:32","slug":"johannes-voerahansu-uus-elu-kolhoos-1951","status":"publish","type":"product","link":"https:\/\/alleegalerii.ee\/en\/shop\/johannes-voerahansu-uus-elu-kolhoos-1951\/","title":{"rendered":"Johannes V\u00f5erahansu &#8220;&#8221;Uus elu&#8221; Kolhoos&#8221;, 1951"},"content":{"rendered":"","protected":false},"excerpt":{"rendered":"<p>S\u00fcsi paberil. Raamitud.<\/p>\n<p>M\u00f5\u00f5dud: ava 21 x 41,5 cm, raamiga 35,5 x 56 cm.<\/p>\n<p>All paremal: JV. 1951 &#8220;Uus elu&#8221; Kolh.<\/p>\n<p>Raplamaal Raikk\u00fcla vallas asunud kuulsast miljon\u00e4rkolhoosist r\u00e4\u00e4giti 1950ndate alguses meedias palju, Johannes V\u00f5erahansu (1900-1980) on seda aga kujutanud ikka omas v\u00f5tmes &#8211; keskendudes loodusele. Nii m\u00f5juvad heinat\u00f6\u00f6d tegevad inimesed loomuliku osana sellest.<\/p>\n","protected":false},"featured_media":37551,"template":"","meta":{"_acf_changed":false},"product_brand":[],"product_cat":[62,59],"product_tag":[60],"class_list":{"0":"post-37539","1":"product","2":"type-product","3":"status-publish","4":"has-post-thumbnail","6":"product_cat-joonistus","7":"product_cat-e-pood","8":"product_tag-e-pood","10":"first","11":"instock","12":"sold-individually","13":"shipping-taxable","14":"purchasable","15":"product-type-simple"},"acf":[],"_links":{"self":[{"href":"https:\/\/alleegalerii.ee\/en\/wp-json\/wp\/v2\/product\/37539","targetHints":{"allow":["GET"]}}],"collection":[{"href":"https:\/\/alleegalerii.ee\/en\/wp-json\/wp\/v2\/product"}],"about":[{"href":"https:\/\/alleegalerii.ee\/en\/wp-json\/wp\/v2\/types\/product"}],"wp:featuredmedia":[{"embeddable":true,"href":"https:\/\/alleegalerii.ee\/en\/wp-json\/wp\/v2\/media\/37551"}],"wp:attachment":[{"href":"https:\/\/alleegalerii.ee\/en\/wp-json\/wp\/v2\/media?parent=37539"}],"wp:term":[{"taxonomy":"product_brand","embeddable":true,"href":"https:\/\/alleegalerii.ee\/en\/wp-json\/wp\/v2\/product_brand?post=37539"},{"taxonomy":"product_cat","embeddable":true,"href":"https:\/\/alleegalerii.ee\/en\/wp-json\/wp\/v2\/product_cat?post=37539"},{"taxonomy":"product_tag","embeddable":true,"href":"https:\/\/alleegalerii.ee\/en\/wp-json\/wp\/v2\/product_tag?post=37539"}],"curies":[{"name":"wp","href":"https:\/\/api.w.org\/{rel}","templated":true}]}}