{"id":37538,"date":"2026-01-09T17:03:34","date_gmt":"2026-01-09T15:03:34","guid":{"rendered":"https:\/\/alleegalerii.ee\/?post_type=product&#038;p=37538"},"modified":"2026-01-21T17:35:01","modified_gmt":"2026-01-21T15:35:01","slug":"johannes-voerahansu-taluou","status":"publish","type":"product","link":"https:\/\/alleegalerii.ee\/en\/shop\/johannes-voerahansu-taluou\/","title":{"rendered":"Johannes V\u00f5erahansu &#8220;Talu\u00f5u&#8221;"},"content":{"rendered":"","protected":false},"excerpt":{"rendered":"<p>S\u00fcsi paberile. Raamitud.<\/p>\n<p>M\u00f5\u00f5dud: ava 26,5 x 36 cm, raamiga 41 x 51 cm.<\/p>\n<p>&nbsp;<\/p>\n","protected":false},"featured_media":37543,"template":"","meta":{"_acf_changed":false},"product_brand":[],"product_cat":[62,59],"product_tag":[60],"class_list":{"0":"post-37538","1":"product","2":"type-product","3":"status-publish","4":"has-post-thumbnail","6":"product_cat-joonistus","7":"product_cat-e-pood","8":"product_tag-e-pood","10":"first","11":"instock","12":"sold-individually","13":"shipping-taxable","14":"purchasable","15":"product-type-simple"},"acf":[],"_links":{"self":[{"href":"https:\/\/alleegalerii.ee\/en\/wp-json\/wp\/v2\/product\/37538","targetHints":{"allow":["GET"]}}],"collection":[{"href":"https:\/\/alleegalerii.ee\/en\/wp-json\/wp\/v2\/product"}],"about":[{"href":"https:\/\/alleegalerii.ee\/en\/wp-json\/wp\/v2\/types\/product"}],"wp:featuredmedia":[{"embeddable":true,"href":"https:\/\/alleegalerii.ee\/en\/wp-json\/wp\/v2\/media\/37543"}],"wp:attachment":[{"href":"https:\/\/alleegalerii.ee\/en\/wp-json\/wp\/v2\/media?parent=37538"}],"wp:term":[{"taxonomy":"product_brand","embeddable":true,"href":"https:\/\/alleegalerii.ee\/en\/wp-json\/wp\/v2\/product_brand?post=37538"},{"taxonomy":"product_cat","embeddable":true,"href":"https:\/\/alleegalerii.ee\/en\/wp-json\/wp\/v2\/product_cat?post=37538"},{"taxonomy":"product_tag","embeddable":true,"href":"https:\/\/alleegalerii.ee\/en\/wp-json\/wp\/v2\/product_tag?post=37538"}],"curies":[{"name":"wp","href":"https:\/\/api.w.org\/{rel}","templated":true}]}}