{"id":37519,"date":"2026-01-08T14:30:03","date_gmt":"2026-01-08T12:30:03","guid":{"rendered":"https:\/\/alleegalerii.ee\/?post_type=product&#038;p=37519"},"modified":"2026-01-08T20:37:55","modified_gmt":"2026-01-08T18:37:55","slug":"johannes-voerahansu-lodjad-emajoel","status":"publish","type":"product","link":"https:\/\/alleegalerii.ee\/en\/shop\/johannes-voerahansu-lodjad-emajoel\/","title":{"rendered":"Johannes V\u00f5erahansu &#8220;Lodjad Emaj\u00f5el&#8221;"},"content":{"rendered":"","protected":false},"excerpt":{"rendered":"<p>S\u00fcsi paberile. Raamitud.<\/p>\n<p>M\u00f5\u00f5dud: ava 28 x 19,5 cm, raamiga 42,5 x 34 cm.<\/p>\n<p>All paremal: JV lodjad emaj\u00f5el<\/p>\n<p>&nbsp;<\/p>\n","protected":false},"featured_media":37522,"template":"","meta":{"_acf_changed":false},"product_brand":[],"product_cat":[62,59],"product_tag":[60],"class_list":{"0":"post-37519","1":"product","2":"type-product","3":"status-publish","4":"has-post-thumbnail","6":"product_cat-joonistus","7":"product_cat-e-pood","8":"product_tag-e-pood","10":"first","11":"instock","12":"sold-individually","13":"shipping-taxable","14":"purchasable","15":"product-type-simple"},"acf":[],"_links":{"self":[{"href":"https:\/\/alleegalerii.ee\/en\/wp-json\/wp\/v2\/product\/37519","targetHints":{"allow":["GET"]}}],"collection":[{"href":"https:\/\/alleegalerii.ee\/en\/wp-json\/wp\/v2\/product"}],"about":[{"href":"https:\/\/alleegalerii.ee\/en\/wp-json\/wp\/v2\/types\/product"}],"wp:featuredmedia":[{"embeddable":true,"href":"https:\/\/alleegalerii.ee\/en\/wp-json\/wp\/v2\/media\/37522"}],"wp:attachment":[{"href":"https:\/\/alleegalerii.ee\/en\/wp-json\/wp\/v2\/media?parent=37519"}],"wp:term":[{"taxonomy":"product_brand","embeddable":true,"href":"https:\/\/alleegalerii.ee\/en\/wp-json\/wp\/v2\/product_brand?post=37519"},{"taxonomy":"product_cat","embeddable":true,"href":"https:\/\/alleegalerii.ee\/en\/wp-json\/wp\/v2\/product_cat?post=37519"},{"taxonomy":"product_tag","embeddable":true,"href":"https:\/\/alleegalerii.ee\/en\/wp-json\/wp\/v2\/product_tag?post=37519"}],"curies":[{"name":"wp","href":"https:\/\/api.w.org\/{rel}","templated":true}]}}