{"id":37518,"date":"2026-01-08T14:26:23","date_gmt":"2026-01-08T12:26:23","guid":{"rendered":"https:\/\/alleegalerii.ee\/?post_type=product&#038;p=37518"},"modified":"2026-01-08T22:16:30","modified_gmt":"2026-01-08T20:16:30","slug":"johannes-voerahansu-vana-toomingas-1976","status":"publish","type":"product","link":"https:\/\/alleegalerii.ee\/en\/shop\/johannes-voerahansu-vana-toomingas-1976\/","title":{"rendered":"Johannes V\u00f5erahansu &#8220;Vana toomingas&#8221;, 1976"},"content":{"rendered":"","protected":false},"excerpt":{"rendered":"<p>S\u00fcsi paberil. Raamitud.<\/p>\n<p>M\u00f5\u00f5dud: ava 28 x 19,5 cm, raamiga 42,5 x 34 cm.<\/p>\n<p>All vasakul: JV. Kiiu-Abla &#8211; 76<br \/>\n\u00dcleval paremal: Vana toomingas<\/p>\n<p>P\u00f5hjarannikul Kuusalu vallas asuvat Kiiu-Abla (ka Kiiu-Aabla) k\u00fcla j\u00e4\u00e4dvustanud Johannes V\u00f5erahansu (1900-1980) demonstreerib teosel virtuoosset joonistusoskust. \u00dcksik toomingas m\u00f5jub sel kivisel rannak\u00fcla maastikul V\u00f5erahansu loomingus kui s\u00fcmbol Eestimaa looduse sitkusele ja j\u00f5ule.<\/p>\n","protected":false},"featured_media":37524,"template":"","meta":{"_acf_changed":false},"product_brand":[],"product_cat":[62,59],"product_tag":[60],"class_list":{"0":"post-37518","1":"product","2":"type-product","3":"status-publish","4":"has-post-thumbnail","6":"product_cat-joonistus","7":"product_cat-e-pood","8":"product_tag-e-pood","10":"first","11":"instock","12":"sold-individually","13":"shipping-taxable","14":"purchasable","15":"product-type-simple"},"acf":[],"_links":{"self":[{"href":"https:\/\/alleegalerii.ee\/en\/wp-json\/wp\/v2\/product\/37518","targetHints":{"allow":["GET"]}}],"collection":[{"href":"https:\/\/alleegalerii.ee\/en\/wp-json\/wp\/v2\/product"}],"about":[{"href":"https:\/\/alleegalerii.ee\/en\/wp-json\/wp\/v2\/types\/product"}],"wp:featuredmedia":[{"embeddable":true,"href":"https:\/\/alleegalerii.ee\/en\/wp-json\/wp\/v2\/media\/37524"}],"wp:attachment":[{"href":"https:\/\/alleegalerii.ee\/en\/wp-json\/wp\/v2\/media?parent=37518"}],"wp:term":[{"taxonomy":"product_brand","embeddable":true,"href":"https:\/\/alleegalerii.ee\/en\/wp-json\/wp\/v2\/product_brand?post=37518"},{"taxonomy":"product_cat","embeddable":true,"href":"https:\/\/alleegalerii.ee\/en\/wp-json\/wp\/v2\/product_cat?post=37518"},{"taxonomy":"product_tag","embeddable":true,"href":"https:\/\/alleegalerii.ee\/en\/wp-json\/wp\/v2\/product_tag?post=37518"}],"curies":[{"name":"wp","href":"https:\/\/api.w.org\/{rel}","templated":true}]}}