{"id":37489,"date":"2026-01-06T17:52:39","date_gmt":"2026-01-06T15:52:39","guid":{"rendered":"https:\/\/alleegalerii.ee\/?post_type=product&#038;p=37489"},"modified":"2026-02-11T15:41:16","modified_gmt":"2026-02-11T13:41:16","slug":"edgar-valter-jahimees-1963","status":"publish","type":"product","link":"https:\/\/alleegalerii.ee\/en\/shop\/edgar-valter-jahimees-1963\/","title":{"rendered":"Edgar Valter &#8220;Jahimees&#8221;, 1963"},"content":{"rendered":"","protected":false},"excerpt":{"rendered":"<p>M\u00dc\u00dcDUD.<\/p>\n<p>Monot\u00fc\u00fcpia paberil. Raamitud.<\/p>\n<p>M\u00f5\u00f5dud: ava 39 x 27 cm, raamiga 53 x 41 cm.<\/p>\n<p>All vasakul: monot\u00fc\u00fcpia 1963<br \/>\nAll paremal: EWalter<\/p>\n<p>Edgar Valter (1929-2006) s\u00fcndis kaheksalapselises peres ning p\u00e4ris oma haruldase joonistamisande l\u00e4tlasest onult, L\u00e4ti Vabariigi vapi kujundanud kuulsalt graafikult Vilis Krumin\u0161ilt. Eelk\u00f5ige tunneme Valterit tema v\u00e4rvik\u00fcllase loomingu poolest ning seda haruldasemad on monokroomsed t\u00f6\u00f6d tema loomingus.<\/p>\n<p>Lustakas monot\u00fc\u00fcpia jahimehest ja tema truust kaaslasest iseloomustab h\u00e4sti Valteri k\u00e4ekirja ning elutervet huumorit.<\/p>\n","protected":false},"featured_media":37501,"template":"","meta":{"_acf_changed":false},"product_brand":[],"product_cat":[61,57,59],"product_tag":[60],"class_list":{"0":"post-37489","1":"product","2":"type-product","3":"status-publish","4":"has-post-thumbnail","6":"product_cat-graafika","7":"product_cat-muudud","8":"product_cat-e-pood","9":"product_tag-e-pood","11":"first","12":"outofstock","13":"sold-individually","14":"shipping-taxable","15":"purchasable","16":"product-type-simple"},"acf":[],"_links":{"self":[{"href":"https:\/\/alleegalerii.ee\/en\/wp-json\/wp\/v2\/product\/37489","targetHints":{"allow":["GET"]}}],"collection":[{"href":"https:\/\/alleegalerii.ee\/en\/wp-json\/wp\/v2\/product"}],"about":[{"href":"https:\/\/alleegalerii.ee\/en\/wp-json\/wp\/v2\/types\/product"}],"wp:featuredmedia":[{"embeddable":true,"href":"https:\/\/alleegalerii.ee\/en\/wp-json\/wp\/v2\/media\/37501"}],"wp:attachment":[{"href":"https:\/\/alleegalerii.ee\/en\/wp-json\/wp\/v2\/media?parent=37489"}],"wp:term":[{"taxonomy":"product_brand","embeddable":true,"href":"https:\/\/alleegalerii.ee\/en\/wp-json\/wp\/v2\/product_brand?post=37489"},{"taxonomy":"product_cat","embeddable":true,"href":"https:\/\/alleegalerii.ee\/en\/wp-json\/wp\/v2\/product_cat?post=37489"},{"taxonomy":"product_tag","embeddable":true,"href":"https:\/\/alleegalerii.ee\/en\/wp-json\/wp\/v2\/product_tag?post=37489"}],"curies":[{"name":"wp","href":"https:\/\/api.w.org\/{rel}","templated":true}]}}