{"id":37430,"date":"2025-12-13T16:12:14","date_gmt":"2025-12-13T14:12:14","guid":{"rendered":"https:\/\/alleegalerii.ee\/?post_type=product&#038;p=37430"},"modified":"2026-01-16T13:18:14","modified_gmt":"2026-01-16T11:18:14","slug":"enn-poldroos-sorm-suust-2021","status":"publish","type":"product","link":"https:\/\/alleegalerii.ee\/en\/shop\/enn-poldroos-sorm-suust-2021\/","title":{"rendered":"Enn P\u00f5ldroos &#8220;S\u00f5rm suust&#8221;, 2021"},"content":{"rendered":"","protected":false},"excerpt":{"rendered":"<p>Digimaal l\u00f5uendil.<\/p>\n<p>M\u00f5\u00f5dud: <span style=\"font-weight: 400;\">\u00a055 x 70 cm<\/span><\/p>\n<p>Teose tiraa\u017e: 7\/25<\/p>\n<p><span style=\"font-weight: 400;\">\u201c1970. aastatest s\u00fcveneb Enn P\u00f5ldroosi t\u00f6\u00f6des eneseirooniline ja groteski kalduv hoiak ning ps\u00fchhologism, samas esitab tema pildis\u00fcsteem kuni l\u00f5puni v\u00e4lja olulisi, maalikunstile igavikulisi k\u00fcsimusi v\u00e4rvist, koloriidist, kompositsioonist, olemise ideaalkujutusest mitmet\u00e4henduslike s\u00fcmbolite keeles. Seda uut s\u00fcmbolite keelt otsis peamiselt \u00f5li- ja akr\u00fc\u00fclmaali tehnikas maalikunsti loonud P\u00f5ldroos \u2013 progressiusus ja tehnikakultusse \u00fcles kasvanuna \u2013 alates XXI sajandi algusest oma p\u00f5lvkonna sees ebat\u00fc\u00fcpilisena arvuti abil\u201d on kirjutanud kunstiteadlane Harry Liivrand.<\/span><\/p>\n<p><span style=\"font-weight: 400;\">P\u00f5ldroosile olulise v\u00e4ljendusvaheni kohta on ta ise \u00f6elnud: Digimaalid valmivad arvutis spetsiaalset puutetundlikku ekraani kasutades. Kasutatavad t\u00f6\u00f6v\u00f5tted v\u00f5ivad kohati meenutada tavalist joonistamist-maalimist, kohati aga tulenevad t\u00e4iesti uutest digitaalsetes v\u00f5imalustest. Sellel teel valminud failidest prinditakse v\u00e4lja l\u00f5plikud teosed. V\u00e4ljaprintimise alusmaterjalina olen p\u00f5hiliselt kasutanud spetsiaalset l\u00f5uendit, mis siis pingutatakse puidust alusraamile. Digimaalid v\u00e4ljastan analoogiliselt estampgraafikale tira\u017eeerituna\u201d.<\/span><\/p>\n","protected":false},"featured_media":37432,"template":"","meta":{"_acf_changed":false},"product_brand":[],"product_cat":[415,61,404,59],"product_tag":[60],"class_list":{"0":"post-37430","1":"product","2":"type-product","3":"status-publish","4":"has-post-thumbnail","6":"product_cat-maal","7":"product_cat-graafika","8":"product_cat-digimaal","9":"product_cat-e-pood","10":"product_tag-e-pood","12":"first","13":"instock","14":"sold-individually","15":"shipping-taxable","16":"purchasable","17":"product-type-simple"},"acf":[],"_links":{"self":[{"href":"https:\/\/alleegalerii.ee\/en\/wp-json\/wp\/v2\/product\/37430","targetHints":{"allow":["GET"]}}],"collection":[{"href":"https:\/\/alleegalerii.ee\/en\/wp-json\/wp\/v2\/product"}],"about":[{"href":"https:\/\/alleegalerii.ee\/en\/wp-json\/wp\/v2\/types\/product"}],"wp:featuredmedia":[{"embeddable":true,"href":"https:\/\/alleegalerii.ee\/en\/wp-json\/wp\/v2\/media\/37432"}],"wp:attachment":[{"href":"https:\/\/alleegalerii.ee\/en\/wp-json\/wp\/v2\/media?parent=37430"}],"wp:term":[{"taxonomy":"product_brand","embeddable":true,"href":"https:\/\/alleegalerii.ee\/en\/wp-json\/wp\/v2\/product_brand?post=37430"},{"taxonomy":"product_cat","embeddable":true,"href":"https:\/\/alleegalerii.ee\/en\/wp-json\/wp\/v2\/product_cat?post=37430"},{"taxonomy":"product_tag","embeddable":true,"href":"https:\/\/alleegalerii.ee\/en\/wp-json\/wp\/v2\/product_tag?post=37430"}],"curies":[{"name":"wp","href":"https:\/\/api.w.org\/{rel}","templated":true}]}}