{"id":37402,"date":"2025-12-12T14:35:33","date_gmt":"2025-12-12T12:35:33","guid":{"rendered":"https:\/\/alleegalerii.ee\/?post_type=product&#038;p=37402"},"modified":"2025-12-13T00:08:04","modified_gmt":"2025-12-12T22:08:04","slug":"enn-poldroos-trepp-2002","status":"publish","type":"product","link":"https:\/\/alleegalerii.ee\/en\/shop\/enn-poldroos-trepp-2002\/","title":{"rendered":"Enn P\u00f5ldroos &#8220;Trepp&#8221;, 2002"},"content":{"rendered":"","protected":false},"excerpt":{"rendered":"<p>M\u00dc\u00dcDUD<\/p>\n<p>Akr\u00fc\u00fcl, \u00f5li masoniidil.<\/p>\n<p>M\u00f5\u00f5dud: 122 x 72 cm.<\/p>\n<p>All paremal: Enn P\u00f5ldroos 02.<br \/>\nP\u00f6\u00f6rdel sildil: ENN P\u00d5LDROOS Trepp 2002. a. akr\u00fc\u00fcl, \u00f5li Autori signeering<\/p>\n<p>Eesti maali- ja monumentaalkunsti suurkuju Enn P\u00f5ldroosi (1933-2025) loomingus s\u00fcveneb 1970. aastatest alates eneseirooniline ja groteski kalduv hoiak ning ps\u00fchhologism, samas esitab P\u00f5ldroosi pildis\u00fcsteem kuni l\u00f5puni v\u00e4lja olulisi, maalikunstile igavikulisi k\u00fcsimusi v\u00e4rvist, koloriidist, kompositsioonist, olemise ideaalkujutusest mitmet\u00e4henduslike s\u00fcmbolite keeles.\u00a0 Nii on ka &#8220;Trepp&#8221; jutustus inimhinge pidevast edasir\u00fchkimisest, ikka \u00fclespoole.<\/p>\n<p>Teos on eksponeeritud Enn P\u00f5ldroosi teoste n\u00e4itusel &#8220;Mees ja naine &#8211; p\u00e4rleid erakogudest&#8221; Allee galeriis 12.12.2025-7.02.2026.<\/p>\n","protected":false},"featured_media":37405,"template":"","meta":{"_acf_changed":false},"product_brand":[],"product_cat":[415,57,59,96],"product_tag":[60],"class_list":{"0":"post-37402","1":"product","2":"type-product","3":"status-publish","4":"has-post-thumbnail","6":"product_cat-maal","7":"product_cat-muudud","8":"product_cat-e-pood","9":"product_cat-akruul","10":"product_tag-e-pood","12":"first","13":"outofstock","14":"sold-individually","15":"shipping-taxable","16":"purchasable","17":"product-type-simple"},"acf":[],"_links":{"self":[{"href":"https:\/\/alleegalerii.ee\/en\/wp-json\/wp\/v2\/product\/37402","targetHints":{"allow":["GET"]}}],"collection":[{"href":"https:\/\/alleegalerii.ee\/en\/wp-json\/wp\/v2\/product"}],"about":[{"href":"https:\/\/alleegalerii.ee\/en\/wp-json\/wp\/v2\/types\/product"}],"wp:featuredmedia":[{"embeddable":true,"href":"https:\/\/alleegalerii.ee\/en\/wp-json\/wp\/v2\/media\/37405"}],"wp:attachment":[{"href":"https:\/\/alleegalerii.ee\/en\/wp-json\/wp\/v2\/media?parent=37402"}],"wp:term":[{"taxonomy":"product_brand","embeddable":true,"href":"https:\/\/alleegalerii.ee\/en\/wp-json\/wp\/v2\/product_brand?post=37402"},{"taxonomy":"product_cat","embeddable":true,"href":"https:\/\/alleegalerii.ee\/en\/wp-json\/wp\/v2\/product_cat?post=37402"},{"taxonomy":"product_tag","embeddable":true,"href":"https:\/\/alleegalerii.ee\/en\/wp-json\/wp\/v2\/product_tag?post=37402"}],"curies":[{"name":"wp","href":"https:\/\/api.w.org\/{rel}","templated":true}]}}