{"id":37375,"date":"2025-12-12T22:14:22","date_gmt":"2025-12-12T20:14:22","guid":{"rendered":"https:\/\/alleegalerii.ee\/?post_type=product&#038;p=37375"},"modified":"2025-12-13T13:19:23","modified_gmt":"2025-12-13T11:19:23","slug":"enn-poldroos-valge-leht-2002","status":"publish","type":"product","link":"https:\/\/alleegalerii.ee\/en\/shop\/enn-poldroos-valge-leht-2002\/","title":{"rendered":"Enn P\u00f5ldroos &#8220;Valge leht&#8221;, 2002"},"content":{"rendered":"","protected":false},"excerpt":{"rendered":"<p>Akr\u00fc\u00fcl, \u00f5li l\u00f5uendil.<\/p>\n<p>M\u00f5\u00f5dud: 123 x 68 cm.<\/p>\n<p>All paremal: Enn P\u00f5ldroos 02.<br \/>\nP\u00f6\u00f6rdel sildil: Enn P\u00f5ldroos Valge leht 2002. a. akr\u00fc\u00fcl, \u00f5li<\/p>\n<p>Enn P\u00f5ldroos (1933-2025) on eesti maali- ja monumentaalkunsti suurkuju. Defineerides kunstis ennast alati maalijana, kulges tema karj\u00e4\u00e4r algusest peale tunnustuse t\u00e4he all. Kunstiinstituudi l\u00f5petamise j\u00e4rel (1958) p\u00e4lvis ta j\u00e4rgneva k\u00fcmnendi algul t\u00e4helepanu ekspressiivse vormiuuendajana, \u00fchiskonnaelus ja kunstis toimuvate murranguliste protsesside tunnetaja ja kontseptualiseerijana. Maneristlik dramatism, s\u00fcrrealism, abstraktsionism, popkunst, fotorealism, fovistlik salongiportree aitasid P\u00f5ldroosil kokku sulatada talle ainuomase maalilise kujutusviisi, mida v\u00f5ib tinglikult vaadelda modernismi kontekstis. Renato Gutusoli kohtub P\u00f5ldroosi maalidel Kees van Dongeniga, eepiline haare puhta v\u00e4rvir\u00f5\u00f5muga, erootiline kujundlikkus geomeetriliste vormidega.<\/p>\n<p>1970. aastatest s\u00fcveneb kunstniku t\u00f6\u00f6des eneseirooniline ja groteski kalduv hoiak ning ps\u00fchhologism, samas esitab P\u00f5ldroosi pildis\u00fcsteem kuni l\u00f5puni v\u00e4lja olulisi, maalikunstile igavikulisi k\u00fcsimusi v\u00e4rvist, koloriidist, kompositsioonist, olemise ideaalkujutusest mitmet\u00e4henduslike s\u00fcmbolite keeles. Erilist t\u00e4helepanu p\u00f6\u00f6rab ta figuurile, just nagu teosel &#8220;Valge leht&#8221;, mis kunstnikule omaselt viskab l\u00e4bi valge lehe ja noole motiivi \u00f5hku veel mitmeid lisak\u00fcsimusi.<\/p>\n<p>Teos on eksponeeritud Enn P\u00f5ldroosi teoste n\u00e4itusel &#8220;Mees ja naine &#8211; p\u00e4rleid erakogudest&#8221; Allee galeriis 12.12.2025-7.02.2026.<\/p>\n","protected":false},"featured_media":37378,"template":"","meta":{"_acf_changed":false},"product_brand":[],"product_cat":[415,56,59,96],"product_tag":[60],"class_list":{"0":"post-37375","1":"product","2":"type-product","3":"status-publish","4":"has-post-thumbnail","6":"product_cat-maal","7":"product_cat-olimaal","8":"product_cat-e-pood","9":"product_cat-akruul","10":"product_tag-e-pood","12":"first","13":"instock","14":"sold-individually","15":"shipping-taxable","16":"purchasable","17":"product-type-simple"},"acf":[],"_links":{"self":[{"href":"https:\/\/alleegalerii.ee\/en\/wp-json\/wp\/v2\/product\/37375","targetHints":{"allow":["GET"]}}],"collection":[{"href":"https:\/\/alleegalerii.ee\/en\/wp-json\/wp\/v2\/product"}],"about":[{"href":"https:\/\/alleegalerii.ee\/en\/wp-json\/wp\/v2\/types\/product"}],"wp:featuredmedia":[{"embeddable":true,"href":"https:\/\/alleegalerii.ee\/en\/wp-json\/wp\/v2\/media\/37378"}],"wp:attachment":[{"href":"https:\/\/alleegalerii.ee\/en\/wp-json\/wp\/v2\/media?parent=37375"}],"wp:term":[{"taxonomy":"product_brand","embeddable":true,"href":"https:\/\/alleegalerii.ee\/en\/wp-json\/wp\/v2\/product_brand?post=37375"},{"taxonomy":"product_cat","embeddable":true,"href":"https:\/\/alleegalerii.ee\/en\/wp-json\/wp\/v2\/product_cat?post=37375"},{"taxonomy":"product_tag","embeddable":true,"href":"https:\/\/alleegalerii.ee\/en\/wp-json\/wp\/v2\/product_tag?post=37375"}],"curies":[{"name":"wp","href":"https:\/\/api.w.org\/{rel}","templated":true}]}}