{"id":37342,"date":"2025-12-11T15:00:19","date_gmt":"2025-12-11T13:00:19","guid":{"rendered":"https:\/\/alleegalerii.ee\/?post_type=product&#038;p=37342"},"modified":"2025-12-12T23:37:58","modified_gmt":"2025-12-12T21:37:58","slug":"enn-poldroos-pole-paasu-2025","status":"publish","type":"product","link":"https:\/\/alleegalerii.ee\/en\/shop\/enn-poldroos-pole-paasu-2025\/","title":{"rendered":"Enn P\u00f5ldroos &#8220;Pole p\u00e4\u00e4su&#8221;, 2025"},"content":{"rendered":"","protected":false},"excerpt":{"rendered":"<p>M\u00dc\u00dcDUD.<\/p>\n<p>Digimaaling l\u00f5uendil.<\/p>\n<p>M\u00f5\u00f5dud: <span style=\"font-weight: 400;\">85 x 71 cm<\/span><span style=\"font-weight: 400;\">.<\/span><\/p>\n<p>Eesti maaliklassik Enn P\u00f5ldroosi (1933-2025)\u00a0 viimaseks teoseks j\u00e4\u00e4nud &#8220;Pole p\u00e4\u00e4su&#8221; on kui s\u00fcmboolne h\u00fcvastij\u00e4tt. Juulis 2025 k\u00e4esoleva t\u00f6\u00f6 l\u00f5petanud P\u00f5ldroos kujutab siin \u00fcksteisest kinni hoidvaid k\u00e4si ning nende taustal toimuvat pea l\u00e4bipaistva, justkui \u00f5nneliku inimhingena m\u00f5juvat figuuri.<\/p>\n<p>Teos on eksponeeritud Enn P\u00f5ldroosi n\u00e4itusel \u201cMees ja naine \u2013 p\u00e4rleid erakogudest\u201d Allee galeriis 12.12.2025-7.02.2026.<\/p>\n","protected":false},"featured_media":37367,"template":"","meta":{"_acf_changed":false},"product_brand":[],"product_cat":[415,61,404,57,59],"product_tag":[60],"class_list":{"0":"post-37342","1":"product","2":"type-product","3":"status-publish","4":"has-post-thumbnail","6":"product_cat-maal","7":"product_cat-graafika","8":"product_cat-digimaal","9":"product_cat-muudud","10":"product_cat-e-pood","11":"product_tag-e-pood","13":"first","14":"outofstock","15":"sold-individually","16":"shipping-taxable","17":"purchasable","18":"product-type-simple"},"acf":[],"_links":{"self":[{"href":"https:\/\/alleegalerii.ee\/en\/wp-json\/wp\/v2\/product\/37342","targetHints":{"allow":["GET"]}}],"collection":[{"href":"https:\/\/alleegalerii.ee\/en\/wp-json\/wp\/v2\/product"}],"about":[{"href":"https:\/\/alleegalerii.ee\/en\/wp-json\/wp\/v2\/types\/product"}],"wp:featuredmedia":[{"embeddable":true,"href":"https:\/\/alleegalerii.ee\/en\/wp-json\/wp\/v2\/media\/37367"}],"wp:attachment":[{"href":"https:\/\/alleegalerii.ee\/en\/wp-json\/wp\/v2\/media?parent=37342"}],"wp:term":[{"taxonomy":"product_brand","embeddable":true,"href":"https:\/\/alleegalerii.ee\/en\/wp-json\/wp\/v2\/product_brand?post=37342"},{"taxonomy":"product_cat","embeddable":true,"href":"https:\/\/alleegalerii.ee\/en\/wp-json\/wp\/v2\/product_cat?post=37342"},{"taxonomy":"product_tag","embeddable":true,"href":"https:\/\/alleegalerii.ee\/en\/wp-json\/wp\/v2\/product_tag?post=37342"}],"curies":[{"name":"wp","href":"https:\/\/api.w.org\/{rel}","templated":true}]}}