{"id":37338,"date":"2025-12-11T14:57:08","date_gmt":"2025-12-11T12:57:08","guid":{"rendered":"https:\/\/alleegalerii.ee\/?post_type=product&#038;p=37338"},"modified":"2026-02-04T16:55:20","modified_gmt":"2026-02-04T14:55:20","slug":"enn-poldroos-ristlained-2021","status":"publish","type":"product","link":"https:\/\/alleegalerii.ee\/en\/shop\/enn-poldroos-ristlained-2021\/","title":{"rendered":"Enn P\u00f5ldroos &#8220;Ristlained&#8221;, 2023"},"content":{"rendered":"","protected":false},"excerpt":{"rendered":"<p>Digimaaling l\u00f5uendil. 1\/3<\/p>\n<p>M\u00f5\u00f5dud: <span style=\"font-weight: 400;\">92 x 170 cm<\/span><span style=\"font-weight: 400;\">.<\/span><\/p>\n<p>Eesti maaliklassik Enn P\u00f5ldroos (1933-2025) on kirjutanud oma 2000ndatel alguse saanud uuest meediumist: \u201cDigimaalid valmivad arvutis spetsiaalset puutetundlikku ekraani kasutades. Kasutatavad t\u00f6\u00f6v\u00f5tted v\u00f5ivad kohati meenutada tavalist joonistamist-maalimist, kohati aga tulenevad t\u00e4iesti uutest digitaalsetes v\u00f5imalustest. Sellel teel valminud failidest prinditakse v\u00e4lja l\u00f5plikud teosed. V\u00e4ljaprintimise alusmaterjalina olen p\u00f5hiliselt kasutanud spetsiaalset l\u00f5uendit, mis siis pingutatakse puidust alusraamile. Digimaalid v\u00e4ljastan analoogiliselt estampgraafikale tira\u017eeerituna\u201d.<\/p>\n<p>Allee galeriis detsembrist 2025 kuni veebruarini 2026 kestval n\u00e4itusel \u201cMees ja naine \u2013 p\u00e4rleid erakogudest\u201d eksponeeritud digimaalide kohta kirjutab kunstiteadlane Harry Liivrand: \u201c1970ndatest s\u00fcveneb kunstniku t\u00f6\u00f6des eneseirooniline ja groteski kalduv hoiak ning ps\u00fchhologism, samas esitab P\u00f5ldroosi pildis\u00fcsteem kuni l\u00f5puni v\u00e4lja olulisi, maalikunstile igavikulisi k\u00fcsimusi v\u00e4rvist, koloriidist, kompositsioonist, olemise ideaalkujutusest mitmet\u00e4henduslike s\u00fcmbolite keeles. Seda uut s\u00fcmbolite keelt otsis peamiselt \u00f5li- ja akr\u00fc\u00fclmaali tehnikas maalikunsti loonud P\u00f5ldroos \u2013 progressiusus ja tehnikakultusse \u00fcles kasvanuna \u2013 alates XXI sajandi algusest oma p\u00f5lvkonna sees ebat\u00fc\u00fcpilisena arvuti abil. Seet\u00f5ttu kohtuvadki n\u00e4itusel klassikaline maalija ja arvutifriik, t\u00e4iendades teineteist perfektselt. \/\u2026\/ Digimaalid esindavad P\u00f5ldroosi eksperimentaarivat poolt, suhestumist omal ratsionaalsel ja vaimukal viisil ajastu aktuaalsete kunstiprobleemidega. Need rajanevad sageli \u2013 kuid mitte alati \u2013 arvutis t\u00f6\u00f6deldud autoretrol, ent tulemus pole formaalne vaid modernistlik, igati kaasaegne.\u201d<\/p>\n","protected":false},"featured_media":37359,"template":"","meta":{"_acf_changed":false},"product_brand":[],"product_cat":[415,61,404,57,59],"product_tag":[60],"class_list":{"0":"post-37338","1":"product","2":"type-product","3":"status-publish","4":"has-post-thumbnail","6":"product_cat-maal","7":"product_cat-graafika","8":"product_cat-digimaal","9":"product_cat-muudud","10":"product_cat-e-pood","11":"product_tag-e-pood","13":"first","14":"outofstock","15":"sold-individually","16":"shipping-taxable","17":"purchasable","18":"product-type-simple"},"acf":[],"_links":{"self":[{"href":"https:\/\/alleegalerii.ee\/en\/wp-json\/wp\/v2\/product\/37338","targetHints":{"allow":["GET"]}}],"collection":[{"href":"https:\/\/alleegalerii.ee\/en\/wp-json\/wp\/v2\/product"}],"about":[{"href":"https:\/\/alleegalerii.ee\/en\/wp-json\/wp\/v2\/types\/product"}],"wp:featuredmedia":[{"embeddable":true,"href":"https:\/\/alleegalerii.ee\/en\/wp-json\/wp\/v2\/media\/37359"}],"wp:attachment":[{"href":"https:\/\/alleegalerii.ee\/en\/wp-json\/wp\/v2\/media?parent=37338"}],"wp:term":[{"taxonomy":"product_brand","embeddable":true,"href":"https:\/\/alleegalerii.ee\/en\/wp-json\/wp\/v2\/product_brand?post=37338"},{"taxonomy":"product_cat","embeddable":true,"href":"https:\/\/alleegalerii.ee\/en\/wp-json\/wp\/v2\/product_cat?post=37338"},{"taxonomy":"product_tag","embeddable":true,"href":"https:\/\/alleegalerii.ee\/en\/wp-json\/wp\/v2\/product_tag?post=37338"}],"curies":[{"name":"wp","href":"https:\/\/api.w.org\/{rel}","templated":true}]}}