{"id":37333,"date":"2025-12-11T14:48:51","date_gmt":"2025-12-11T12:48:51","guid":{"rendered":"https:\/\/alleegalerii.ee\/?post_type=product&#038;p=37333"},"modified":"2026-02-04T16:51:23","modified_gmt":"2026-02-04T14:51:23","slug":"enn-poldroos-perfomance-2024","status":"publish","type":"product","link":"https:\/\/alleegalerii.ee\/en\/shop\/enn-poldroos-perfomance-2024\/","title":{"rendered":"Enn P\u00f5ldroos &#8220;Perfomance&#8221;, 2023"},"content":{"rendered":"","protected":false},"excerpt":{"rendered":"<p>Digimaaling l\u00f5uendil. 2\/25<\/p>\n<p>M\u00f5\u00f5dud: <span style=\"font-weight: 400;\">85 x 69 cm.<\/span><\/p>\n<p>Eesti maaliklassik Enn P\u00f5ldroos (1933-2025) on kirjutanud oma 2000ndatel alguse saanud digitaalsest meediumist: \u201cDigimaalid valmivad arvutis spetsiaalset puutetundlikku ekraani kasutades. Kasutatavad t\u00f6\u00f6v\u00f5tted v\u00f5ivad kohati meenutada tavalist joonistamist-maalimist, kohati aga tulenevad t\u00e4iesti uutest digitaalsetes v\u00f5imalustest. Sellel teel valminud failidest prinditakse v\u00e4lja l\u00f5plikud teosed. V\u00e4ljaprintimise alusmaterjalina olen p\u00f5hiliselt kasutanud spetsiaalset l\u00f5uendit, mis siis pingutatakse puidust alusraamile. Digimaalid v\u00e4ljastan analoogiliselt estampgraafikale tira\u017eeerituna\u201d.<\/p>\n<p>Teos on eksponeeritud Enn P\u00f5ldroosi n\u00e4itusel \u201cMees ja naine \u2013 p\u00e4rleid erakogudest\u201d Allee galeriis 12.12.2025-7.02.2026.<\/p>\n","protected":false},"featured_media":37349,"template":"","meta":{"_acf_changed":false},"product_brand":[],"product_cat":[415,61,404,57,59],"product_tag":[60],"class_list":{"0":"post-37333","1":"product","2":"type-product","3":"status-publish","4":"has-post-thumbnail","6":"product_cat-maal","7":"product_cat-graafika","8":"product_cat-digimaal","9":"product_cat-muudud","10":"product_cat-e-pood","11":"product_tag-e-pood","13":"first","14":"outofstock","15":"sold-individually","16":"shipping-taxable","17":"purchasable","18":"product-type-simple"},"acf":[],"_links":{"self":[{"href":"https:\/\/alleegalerii.ee\/en\/wp-json\/wp\/v2\/product\/37333","targetHints":{"allow":["GET"]}}],"collection":[{"href":"https:\/\/alleegalerii.ee\/en\/wp-json\/wp\/v2\/product"}],"about":[{"href":"https:\/\/alleegalerii.ee\/en\/wp-json\/wp\/v2\/types\/product"}],"wp:featuredmedia":[{"embeddable":true,"href":"https:\/\/alleegalerii.ee\/en\/wp-json\/wp\/v2\/media\/37349"}],"wp:attachment":[{"href":"https:\/\/alleegalerii.ee\/en\/wp-json\/wp\/v2\/media?parent=37333"}],"wp:term":[{"taxonomy":"product_brand","embeddable":true,"href":"https:\/\/alleegalerii.ee\/en\/wp-json\/wp\/v2\/product_brand?post=37333"},{"taxonomy":"product_cat","embeddable":true,"href":"https:\/\/alleegalerii.ee\/en\/wp-json\/wp\/v2\/product_cat?post=37333"},{"taxonomy":"product_tag","embeddable":true,"href":"https:\/\/alleegalerii.ee\/en\/wp-json\/wp\/v2\/product_tag?post=37333"}],"curies":[{"name":"wp","href":"https:\/\/api.w.org\/{rel}","templated":true}]}}