{"id":37298,"date":"2025-12-12T16:24:58","date_gmt":"2025-12-12T14:24:58","guid":{"rendered":"https:\/\/alleegalerii.ee\/?post_type=product&#038;p=37298"},"modified":"2026-02-25T16:55:29","modified_gmt":"2026-02-25T14:55:29","slug":"silvi-liiva-keskoo-2007","status":"publish","type":"product","link":"https:\/\/alleegalerii.ee\/en\/shop\/silvi-liiva-keskoo-2007\/","title":{"rendered":"Silvi Liiva &#8220;Kesk\u00f6\u00f6&#8221;, 2007"},"content":{"rendered":"","protected":false},"excerpt":{"rendered":"<p>Ofort paberil. Raamitud.<\/p>\n<p>M\u00f5\u00f5dud: plm 14,8 x 14 cm, raamiga 32 x 26 cm.<\/p>\n<p>All vasakul: Kesk\u00f6\u00f6. Ofort 12\/30<br \/>\nAll paremal: Silvi Liiva 2007<\/p>\n<p>L\u00f5una-Eestist V\u00e4rskast p\u00e4rit graafik Silvi Liiva (1941-2023) on oma loomingu eest v\u00f5itnud arvukalt preemiaid, sh Eduard Wiiralti graafika auhinna (elut\u00f6\u00f6preemia). Tema s\u00fcrreaalse alatooniga teoste p\u00f5hifookus on emotsioonidel, s\u00fcmbolitel, t\u00e4hendusel.<\/p>\n<p>&nbsp;<\/p>\n","protected":false},"featured_media":37412,"template":"","meta":{"_acf_changed":false},"product_brand":[],"product_cat":[61,59],"product_tag":[60],"class_list":{"0":"post-37298","1":"product","2":"type-product","3":"status-publish","4":"has-post-thumbnail","6":"product_cat-graafika","7":"product_cat-e-pood","8":"product_tag-e-pood","10":"first","11":"instock","12":"sold-individually","13":"shipping-taxable","14":"purchasable","15":"product-type-simple"},"acf":[],"_links":{"self":[{"href":"https:\/\/alleegalerii.ee\/en\/wp-json\/wp\/v2\/product\/37298","targetHints":{"allow":["GET"]}}],"collection":[{"href":"https:\/\/alleegalerii.ee\/en\/wp-json\/wp\/v2\/product"}],"about":[{"href":"https:\/\/alleegalerii.ee\/en\/wp-json\/wp\/v2\/types\/product"}],"wp:featuredmedia":[{"embeddable":true,"href":"https:\/\/alleegalerii.ee\/en\/wp-json\/wp\/v2\/media\/37412"}],"wp:attachment":[{"href":"https:\/\/alleegalerii.ee\/en\/wp-json\/wp\/v2\/media?parent=37298"}],"wp:term":[{"taxonomy":"product_brand","embeddable":true,"href":"https:\/\/alleegalerii.ee\/en\/wp-json\/wp\/v2\/product_brand?post=37298"},{"taxonomy":"product_cat","embeddable":true,"href":"https:\/\/alleegalerii.ee\/en\/wp-json\/wp\/v2\/product_cat?post=37298"},{"taxonomy":"product_tag","embeddable":true,"href":"https:\/\/alleegalerii.ee\/en\/wp-json\/wp\/v2\/product_tag?post=37298"}],"curies":[{"name":"wp","href":"https:\/\/api.w.org\/{rel}","templated":true}]}}