{"id":37279,"date":"2025-12-06T15:35:38","date_gmt":"2025-12-06T13:35:38","guid":{"rendered":"https:\/\/alleegalerii.ee\/?post_type=product&#038;p=37279"},"modified":"2025-12-06T19:06:34","modified_gmt":"2025-12-06T17:06:34","slug":"kaisa-puustak-post-ja-koied-1985","status":"publish","type":"product","link":"https:\/\/alleegalerii.ee\/en\/shop\/kaisa-puustak-post-ja-koied-1985\/","title":{"rendered":"Kaisa Puustak &#8220;Post ja k\u00f6ied&#8221;, 1985"},"content":{"rendered":"","protected":false},"excerpt":{"rendered":"<p>Pehmelakk, kuivn\u00f5el paberil. Raamitud.<\/p>\n<p>M\u00f5\u00f5dud: 31,5 x 45,4 cm, raamiga 55 x 68 cm.<\/p>\n<p>All vasakul: 16\/20 Post ja k\u00f6ied (pehmelakk, kuivn\u00f5el)<br \/>\nAll paremal: KPuustak 85<\/p>\n<p>Pikaaegne \u00f5ppej\u00f5ud ning legendaarne graafik Kaisa Puustak (s 1945) leiab inspiratsiooni argiesemetest enda \u00fcmber. Ta on l\u00f5petanud 1969. aastal Eesti Riikliku Kunstiinstituudi graafika erialal.<\/p>\n","protected":false},"featured_media":37285,"template":"","meta":{"_acf_changed":false},"product_brand":[],"product_cat":[61,59],"product_tag":[60],"class_list":{"0":"post-37279","1":"product","2":"type-product","3":"status-publish","4":"has-post-thumbnail","6":"product_cat-graafika","7":"product_cat-e-pood","8":"product_tag-e-pood","10":"first","11":"instock","12":"sold-individually","13":"shipping-taxable","14":"purchasable","15":"product-type-simple"},"acf":[],"_links":{"self":[{"href":"https:\/\/alleegalerii.ee\/en\/wp-json\/wp\/v2\/product\/37279","targetHints":{"allow":["GET"]}}],"collection":[{"href":"https:\/\/alleegalerii.ee\/en\/wp-json\/wp\/v2\/product"}],"about":[{"href":"https:\/\/alleegalerii.ee\/en\/wp-json\/wp\/v2\/types\/product"}],"wp:featuredmedia":[{"embeddable":true,"href":"https:\/\/alleegalerii.ee\/en\/wp-json\/wp\/v2\/media\/37285"}],"wp:attachment":[{"href":"https:\/\/alleegalerii.ee\/en\/wp-json\/wp\/v2\/media?parent=37279"}],"wp:term":[{"taxonomy":"product_brand","embeddable":true,"href":"https:\/\/alleegalerii.ee\/en\/wp-json\/wp\/v2\/product_brand?post=37279"},{"taxonomy":"product_cat","embeddable":true,"href":"https:\/\/alleegalerii.ee\/en\/wp-json\/wp\/v2\/product_cat?post=37279"},{"taxonomy":"product_tag","embeddable":true,"href":"https:\/\/alleegalerii.ee\/en\/wp-json\/wp\/v2\/product_tag?post=37279"}],"curies":[{"name":"wp","href":"https:\/\/api.w.org\/{rel}","templated":true}]}}