{"id":37264,"date":"2025-12-06T14:16:02","date_gmt":"2025-12-06T12:16:02","guid":{"rendered":"https:\/\/alleegalerii.ee\/?post_type=product&#038;p=37264"},"modified":"2026-01-08T21:50:43","modified_gmt":"2026-01-08T19:50:43","slug":"viktor-turp-vaade-jarvele-1962","status":"publish","type":"product","link":"https:\/\/alleegalerii.ee\/en\/shop\/viktor-turp-vaade-jarvele-1962\/","title":{"rendered":"Viktor Turp &#8220;Vaade j\u00e4rvele&#8221;, 1962"},"content":{"rendered":"","protected":false},"excerpt":{"rendered":"<p>M\u00dc\u00dcDUD.<\/p>\n<p>Akvarell paberil. Raamitud.<\/p>\n<p>M\u00f5\u00f5dud: ava 28,5 x 43,5 cm, raamiga 37 x 51 cm.<\/p>\n<p>All vasakul: VTurp &#8211; 1962<\/p>\n<p>Viktor Turp (1905-1989) \u00f5ppis nii Riigi Kunstt\u00f6\u00f6stuskoolist kui \u201cPallases\u201d, kust sai 1929. aastal joonistus\u00f5petaja kutsetunnistuse. 1930. aastail l\u00f5i ta koloriitseid kompositsioone rahvalikel s\u00fc\u017eeedel, nagu paljud \u201cPallase\u201d koolkonna maalijad. Samuti armastas kunstnik kujutada romantilisi Eestimaa vaateid.<\/p>\n","protected":false},"featured_media":37265,"template":"","meta":{"_acf_changed":false},"product_brand":[],"product_cat":[415,54,57,59],"product_tag":[60],"class_list":{"0":"post-37264","1":"product","2":"type-product","3":"status-publish","4":"has-post-thumbnail","6":"product_cat-maal","7":"product_cat-akvarell","8":"product_cat-muudud","9":"product_cat-e-pood","10":"product_tag-e-pood","12":"first","13":"outofstock","14":"sold-individually","15":"shipping-taxable","16":"product-type-simple"},"acf":[],"_links":{"self":[{"href":"https:\/\/alleegalerii.ee\/en\/wp-json\/wp\/v2\/product\/37264","targetHints":{"allow":["GET"]}}],"collection":[{"href":"https:\/\/alleegalerii.ee\/en\/wp-json\/wp\/v2\/product"}],"about":[{"href":"https:\/\/alleegalerii.ee\/en\/wp-json\/wp\/v2\/types\/product"}],"wp:featuredmedia":[{"embeddable":true,"href":"https:\/\/alleegalerii.ee\/en\/wp-json\/wp\/v2\/media\/37265"}],"wp:attachment":[{"href":"https:\/\/alleegalerii.ee\/en\/wp-json\/wp\/v2\/media?parent=37264"}],"wp:term":[{"taxonomy":"product_brand","embeddable":true,"href":"https:\/\/alleegalerii.ee\/en\/wp-json\/wp\/v2\/product_brand?post=37264"},{"taxonomy":"product_cat","embeddable":true,"href":"https:\/\/alleegalerii.ee\/en\/wp-json\/wp\/v2\/product_cat?post=37264"},{"taxonomy":"product_tag","embeddable":true,"href":"https:\/\/alleegalerii.ee\/en\/wp-json\/wp\/v2\/product_tag?post=37264"}],"curies":[{"name":"wp","href":"https:\/\/api.w.org\/{rel}","templated":true}]}}