{"id":37263,"date":"2025-12-06T14:15:32","date_gmt":"2025-12-06T12:15:32","guid":{"rendered":"https:\/\/alleegalerii.ee\/?post_type=product&#038;p=37263"},"modified":"2025-12-06T14:15:32","modified_gmt":"2025-12-06T12:15:32","slug":"aleksander-pilar-rannik-loojanguvalguses-1987","status":"publish","type":"product","link":"https:\/\/alleegalerii.ee\/en\/shop\/aleksander-pilar-rannik-loojanguvalguses-1987\/","title":{"rendered":"Aleksander Pilar &#8220;Rannik loojanguvalguses&#8221;, 1987"},"content":{"rendered":"","protected":false},"excerpt":{"rendered":"<p>Akvarell paberil. Raamitud.<\/p>\n<p>M\u00f5\u00f5dud: ava 52,7 x 58 cm, raamiga 63 x 68 cm.<\/p>\n<p>All vasakul: Pilar 87<\/p>\n<p>1930. aastal Anatoli Kaigorodovi k\u00e4e all kunsti\u00f5pinguid alustanud Aleksander Pilarist (1912-1989) kujunes k\u00f5rgelt hinnatud akvarellist, kelle teoseid oodati alati p\u00f5nevusega n\u00e4itustele. Tema eriline tehnika kanda v\u00e4rv alusele kleebitud m\u00e4rjale paberile leidis j\u00e4rgijaid ka tema \u00f5pilaste seas.<\/p>\n","protected":false},"featured_media":37271,"template":"","meta":{"_acf_changed":false},"product_brand":[],"product_cat":[415,54,59],"product_tag":[60],"class_list":{"0":"post-37263","1":"product","2":"type-product","3":"status-publish","4":"has-post-thumbnail","6":"product_cat-maal","7":"product_cat-akvarell","8":"product_cat-e-pood","9":"product_tag-e-pood","11":"first","12":"instock","13":"sold-individually","14":"shipping-taxable","15":"purchasable","16":"product-type-simple"},"acf":[],"_links":{"self":[{"href":"https:\/\/alleegalerii.ee\/en\/wp-json\/wp\/v2\/product\/37263","targetHints":{"allow":["GET"]}}],"collection":[{"href":"https:\/\/alleegalerii.ee\/en\/wp-json\/wp\/v2\/product"}],"about":[{"href":"https:\/\/alleegalerii.ee\/en\/wp-json\/wp\/v2\/types\/product"}],"wp:featuredmedia":[{"embeddable":true,"href":"https:\/\/alleegalerii.ee\/en\/wp-json\/wp\/v2\/media\/37271"}],"wp:attachment":[{"href":"https:\/\/alleegalerii.ee\/en\/wp-json\/wp\/v2\/media?parent=37263"}],"wp:term":[{"taxonomy":"product_brand","embeddable":true,"href":"https:\/\/alleegalerii.ee\/en\/wp-json\/wp\/v2\/product_brand?post=37263"},{"taxonomy":"product_cat","embeddable":true,"href":"https:\/\/alleegalerii.ee\/en\/wp-json\/wp\/v2\/product_cat?post=37263"},{"taxonomy":"product_tag","embeddable":true,"href":"https:\/\/alleegalerii.ee\/en\/wp-json\/wp\/v2\/product_tag?post=37263"}],"curies":[{"name":"wp","href":"https:\/\/api.w.org\/{rel}","templated":true}]}}