{"id":37262,"date":"2025-12-05T14:00:26","date_gmt":"2025-12-05T12:00:26","guid":{"rendered":"https:\/\/alleegalerii.ee\/?post_type=product&#038;p=37262"},"modified":"2025-12-05T14:00:26","modified_gmt":"2025-12-05T12:00:26","slug":"renaldo-veeber-linda-kadumine-2003","status":"publish","type":"product","link":"https:\/\/alleegalerii.ee\/en\/shop\/renaldo-veeber-linda-kadumine-2003\/","title":{"rendered":"Renaldo Veeber \u201cLinda kadumine\u201d, 2003"},"content":{"rendered":"","protected":false},"excerpt":{"rendered":"<p>Tu\u0161\u0161 paberil. Raamitud.<\/p>\n<p>M\u00f5\u00f5dud: 28,5 x 38,5 cm.<\/p>\n<p>All paremal: R Veeber 2003 Linda kadumine<\/p>\n<p>\u201cKaljuks moondunud kodukana<br \/>\nLindat, Kalevite leske,<br \/>\nV\u00f5ite t\u00e4na tunnistada<br \/>\nIru m\u00e4e peal istub leski.\u201d<\/p>\n<p>Renaldo Veeber (1937-2010) oli v\u00f5rdv\u00e4\u00e4rselt suurep\u00e4rane nii graafikas kui skulptuuris, samuti kirglik p\u00e4randkultuuri uurija ja Saatse muuseumi juhtfiguur. Sageli juhtusid tema huvialad omavahel segunema ja nii kandusid muistendid ja rahvalood ka tema loomingusse, sh Kalevipojast inspireeritud lood.<\/p>\n<p>Tema tu\u0161ijoonistus \u201cLinda kadumine\u201d demonstreerib graafikast tuntud maskuliinset k\u00e4ekirja. Sel Kalevipoja eepose kolmandast loost inspiratsiooni saanud t\u00f6\u00f6l vaatavad jahilt naasnud kalevipojad otsival pilgul ringi, otsides koju j\u00e4\u00e4nud ema Lindat. Viimase oli vahepeal \u00e4ra r\u00f6\u00f6vinud tuuslar, ent appikarjeid kuulnud taevataat t\u00f5ttas kiirelt appi ning muutis Linda kivikujuks, mis Veeberi teosel seisab meeste taga.<\/p>\n","protected":false},"featured_media":35225,"template":"","meta":{"_acf_changed":false},"product_brand":[],"product_cat":[62,59],"product_tag":[60],"class_list":{"0":"post-37262","1":"product","2":"type-product","3":"status-publish","4":"has-post-thumbnail","6":"product_cat-joonistus","7":"product_cat-e-pood","8":"product_tag-e-pood","10":"first","11":"instock","12":"sold-individually","13":"shipping-taxable","14":"purchasable","15":"product-type-simple"},"acf":[],"_links":{"self":[{"href":"https:\/\/alleegalerii.ee\/en\/wp-json\/wp\/v2\/product\/37262","targetHints":{"allow":["GET"]}}],"collection":[{"href":"https:\/\/alleegalerii.ee\/en\/wp-json\/wp\/v2\/product"}],"about":[{"href":"https:\/\/alleegalerii.ee\/en\/wp-json\/wp\/v2\/types\/product"}],"wp:featuredmedia":[{"embeddable":true,"href":"https:\/\/alleegalerii.ee\/en\/wp-json\/wp\/v2\/media\/35225"}],"wp:attachment":[{"href":"https:\/\/alleegalerii.ee\/en\/wp-json\/wp\/v2\/media?parent=37262"}],"wp:term":[{"taxonomy":"product_brand","embeddable":true,"href":"https:\/\/alleegalerii.ee\/en\/wp-json\/wp\/v2\/product_brand?post=37262"},{"taxonomy":"product_cat","embeddable":true,"href":"https:\/\/alleegalerii.ee\/en\/wp-json\/wp\/v2\/product_cat?post=37262"},{"taxonomy":"product_tag","embeddable":true,"href":"https:\/\/alleegalerii.ee\/en\/wp-json\/wp\/v2\/product_tag?post=37262"}],"curies":[{"name":"wp","href":"https:\/\/api.w.org\/{rel}","templated":true}]}}