{"id":37243,"date":"2025-12-03T14:54:12","date_gmt":"2025-12-03T12:54:12","guid":{"rendered":"https:\/\/alleegalerii.ee\/?post_type=product&#038;p=37243"},"modified":"2025-12-03T14:54:12","modified_gmt":"2025-12-03T12:54:12","slug":"erich-pehap-pliidi-juures-1932","status":"publish","type":"product","link":"https:\/\/alleegalerii.ee\/en\/shop\/erich-pehap-pliidi-juures-1932\/","title":{"rendered":"Erich Pehap \u201cPliidi juures\u201d, 1932"},"content":{"rendered":"","protected":false},"excerpt":{"rendered":"<p>Pastell paberil. Raamitud.<\/p>\n<p>M\u00f5\u00f5dud: Km 49 x 33,5 cm.<\/p>\n<p>All vasakul: E. Pehap 1932<br \/>\nAll Paremal: E. Pehap 1932 P\u00f6\u00f6rdel: Pliidi juures 1932 pastell<\/p>\n<p>Agulistseenid moodustasid Pallase kunstitudengite ja noorte kunstnike loomingus olulise peat\u00fcki esmajoones 1920. aastatel ning 1930. aastate algul ning ka k\u00e4esolev teos on Erich Pehapil (1912-1981) valminud just Pallases \u00f5ppimise ajal.<\/p>\n<p>Elu\u00fchenduslik kultuurik\u00e4sitlus oli moes ja Erich Pehap j\u00e4rgib ajastu vaimset suunda oma sangviinijoonistuses \u201cPliidi juures\u201d. T\u00e4pselt fikseerimata tagap\u00f5hjaga k\u00f6\u00f6gi keskseks objektiks on kulpi potis liigutav, vaba k\u00e4e joonega artistlikult visandatud, peas traditsiooniliselt r\u00e4tikut kandev naine. Pliidi serval m\u00e4rkab aga kaasaegse disainiga keedukannu, mis n\u00e4itab, et progress oli ka seda kodunurka puudutanud. Punane \u00fcldkoloriit vastab h\u00e4sti k\u00f6\u00f6gi \u00f5hustikule ja loob sooja meeleolu.<\/p>\n","protected":false},"featured_media":36008,"template":"","meta":{"_acf_changed":false},"product_brand":[],"product_cat":[415,62,59,68],"product_tag":[60],"class_list":{"0":"post-37243","1":"product","2":"type-product","3":"status-publish","4":"has-post-thumbnail","6":"product_cat-maal","7":"product_cat-joonistus","8":"product_cat-e-pood","9":"product_cat-pastell","10":"product_tag-e-pood","12":"first","13":"instock","14":"sold-individually","15":"shipping-taxable","16":"purchasable","17":"product-type-simple"},"acf":[],"_links":{"self":[{"href":"https:\/\/alleegalerii.ee\/en\/wp-json\/wp\/v2\/product\/37243","targetHints":{"allow":["GET"]}}],"collection":[{"href":"https:\/\/alleegalerii.ee\/en\/wp-json\/wp\/v2\/product"}],"about":[{"href":"https:\/\/alleegalerii.ee\/en\/wp-json\/wp\/v2\/types\/product"}],"wp:featuredmedia":[{"embeddable":true,"href":"https:\/\/alleegalerii.ee\/en\/wp-json\/wp\/v2\/media\/36008"}],"wp:attachment":[{"href":"https:\/\/alleegalerii.ee\/en\/wp-json\/wp\/v2\/media?parent=37243"}],"wp:term":[{"taxonomy":"product_brand","embeddable":true,"href":"https:\/\/alleegalerii.ee\/en\/wp-json\/wp\/v2\/product_brand?post=37243"},{"taxonomy":"product_cat","embeddable":true,"href":"https:\/\/alleegalerii.ee\/en\/wp-json\/wp\/v2\/product_cat?post=37243"},{"taxonomy":"product_tag","embeddable":true,"href":"https:\/\/alleegalerii.ee\/en\/wp-json\/wp\/v2\/product_tag?post=37243"}],"curies":[{"name":"wp","href":"https:\/\/api.w.org\/{rel}","templated":true}]}}