{"id":37240,"date":"2025-12-12T14:29:38","date_gmt":"2025-12-12T12:29:38","guid":{"rendered":"https:\/\/alleegalerii.ee\/?post_type=product&#038;p=37240"},"modified":"2025-12-12T14:29:39","modified_gmt":"2025-12-12T12:29:39","slug":"marje-uksine-suveohtu-ii-1983","status":"publish","type":"product","link":"https:\/\/alleegalerii.ee\/en\/shop\/marje-uksine-suveohtu-ii-1983\/","title":{"rendered":"Marje \u00dcksine &#8220;Suve\u00f5htu II&#8221;, 1983"},"content":{"rendered":"","protected":false},"excerpt":{"rendered":"<p>Metsotinto paberil. Raamitud.<\/p>\n<p>M\u00f5\u00f5dud: plm 16,5 x 17 cm, raamiga 48 x 43 cm.<\/p>\n<p>All vasakul: &#8220;Suve\u00f5htu II&#8221; (metsotinto) 18\/25<br \/>\nAll paremal: M. \u00dcksine 83.<\/p>\n<p>Oma loominguga mitmetesse maailma mainekatesse kunstikollektsioonidesse kuuluv graafik Marje \u00dcksine on meister p\u00f5nevate koosluste kokkupanemisel. Ta on \u00f5ppinud aastatel 1964\u20131970 Eesti NSV Riiklikus Kunstiinstituudis graafika erialal. Ning ta on Eesti Kunstnike Liidu liige 1974. aastast.<\/p>\n","protected":false},"featured_media":37247,"template":"","meta":{"_acf_changed":false},"product_brand":[],"product_cat":[61,59],"product_tag":[60],"class_list":{"0":"post-37240","1":"product","2":"type-product","3":"status-publish","4":"has-post-thumbnail","6":"product_cat-graafika","7":"product_cat-e-pood","8":"product_tag-e-pood","10":"first","11":"instock","12":"sold-individually","13":"shipping-taxable","14":"purchasable","15":"product-type-simple"},"acf":[],"_links":{"self":[{"href":"https:\/\/alleegalerii.ee\/en\/wp-json\/wp\/v2\/product\/37240","targetHints":{"allow":["GET"]}}],"collection":[{"href":"https:\/\/alleegalerii.ee\/en\/wp-json\/wp\/v2\/product"}],"about":[{"href":"https:\/\/alleegalerii.ee\/en\/wp-json\/wp\/v2\/types\/product"}],"wp:featuredmedia":[{"embeddable":true,"href":"https:\/\/alleegalerii.ee\/en\/wp-json\/wp\/v2\/media\/37247"}],"wp:attachment":[{"href":"https:\/\/alleegalerii.ee\/en\/wp-json\/wp\/v2\/media?parent=37240"}],"wp:term":[{"taxonomy":"product_brand","embeddable":true,"href":"https:\/\/alleegalerii.ee\/en\/wp-json\/wp\/v2\/product_brand?post=37240"},{"taxonomy":"product_cat","embeddable":true,"href":"https:\/\/alleegalerii.ee\/en\/wp-json\/wp\/v2\/product_cat?post=37240"},{"taxonomy":"product_tag","embeddable":true,"href":"https:\/\/alleegalerii.ee\/en\/wp-json\/wp\/v2\/product_tag?post=37240"}],"curies":[{"name":"wp","href":"https:\/\/api.w.org\/{rel}","templated":true}]}}