{"id":37042,"date":"2025-10-29T16:50:45","date_gmt":"2025-10-29T14:50:45","guid":{"rendered":"https:\/\/alleegalerii.ee\/?post_type=product&#038;p=37042"},"modified":"2025-10-29T16:50:45","modified_gmt":"2025-10-29T14:50:45","slug":"henno-arrak-suveidull-vorkkiiges-1980","status":"publish","type":"product","link":"https:\/\/alleegalerii.ee\/en\/shop\/henno-arrak-suveidull-vorkkiiges-1980\/","title":{"rendered":"Henno Arrak \u201cSuveid\u00fcll v\u00f5rkkiiges\u201d, 1980"},"content":{"rendered":"","protected":false},"excerpt":{"rendered":"<p>Pliiats paberil. Raamitud.<\/p>\n<p>M\u00f5\u00f5dud: Lm 56,5 x 48,5 cm.<\/p>\n<p>All vasakul: HArrak 1980<\/p>\n<p>Suvise aeglaselt kulgeva id\u00fclli allegooriana sobib v\u00f5rkkiiges poseeriv naine teemasse nagu rusikas silmaauku ja Henno Arrak (1930-2017) pole j\u00e4tnud juhust kasutamata. V\u00e4ga hea joonistajana demonstreerib kunstnik nii oma perfektset viirutustehnikat kui ka esteetilist maitset \u2013 ta ei v\u00e4lju kompositsioonis hea maitse piiridest.<\/p>\n<p>Kohati meenutab Arraku valguse-varjuga modelleerimine renessansikunstnike v\u00f5i natsareenlaste joonistusi. Et aga t\u00f6\u00f6 liiga pinnaliseks ei j\u00e4\u00e4ks, asetab ta stseeni taustale tumedamas koloriidis kadakate puhmad, luues niimoodi s\u00fcgavuse m\u00f5\u00f5tme.<\/p>\n","protected":false},"featured_media":13815,"template":"","meta":{"_acf_changed":false},"product_brand":[],"product_cat":[62,59],"product_tag":[60],"class_list":{"0":"post-37042","1":"product","2":"type-product","3":"status-publish","4":"has-post-thumbnail","6":"product_cat-joonistus","7":"product_cat-e-pood","8":"product_tag-e-pood","10":"first","11":"instock","12":"sold-individually","13":"shipping-taxable","14":"purchasable","15":"product-type-simple"},"acf":[],"_links":{"self":[{"href":"https:\/\/alleegalerii.ee\/en\/wp-json\/wp\/v2\/product\/37042","targetHints":{"allow":["GET"]}}],"collection":[{"href":"https:\/\/alleegalerii.ee\/en\/wp-json\/wp\/v2\/product"}],"about":[{"href":"https:\/\/alleegalerii.ee\/en\/wp-json\/wp\/v2\/types\/product"}],"wp:featuredmedia":[{"embeddable":true,"href":"https:\/\/alleegalerii.ee\/en\/wp-json\/wp\/v2\/media\/13815"}],"wp:attachment":[{"href":"https:\/\/alleegalerii.ee\/en\/wp-json\/wp\/v2\/media?parent=37042"}],"wp:term":[{"taxonomy":"product_brand","embeddable":true,"href":"https:\/\/alleegalerii.ee\/en\/wp-json\/wp\/v2\/product_brand?post=37042"},{"taxonomy":"product_cat","embeddable":true,"href":"https:\/\/alleegalerii.ee\/en\/wp-json\/wp\/v2\/product_cat?post=37042"},{"taxonomy":"product_tag","embeddable":true,"href":"https:\/\/alleegalerii.ee\/en\/wp-json\/wp\/v2\/product_tag?post=37042"}],"curies":[{"name":"wp","href":"https:\/\/api.w.org\/{rel}","templated":true}]}}