{"id":36698,"date":"2025-10-27T15:09:09","date_gmt":"2025-10-27T13:09:09","guid":{"rendered":"https:\/\/alleegalerii.ee\/?post_type=product&#038;p=36698"},"modified":"2025-10-27T15:09:10","modified_gmt":"2025-10-27T13:09:10","slug":"juss-piho-tasakaal-1995","status":"publish","type":"product","link":"https:\/\/alleegalerii.ee\/en\/shop\/juss-piho-tasakaal-1995\/","title":{"rendered":"Juss Piho &#8220;Tasakaal&#8221;, 1995"},"content":{"rendered":"","protected":false},"excerpt":{"rendered":"<p>Ofort paberil. Raamitud.<\/p>\n<p>M\u00f5\u00f5dud: plm 22,2 x 27,1 cm, raamiga 48 x 51,5 cm.<\/p>\n<p>All vasakul: &#8220;Tasakaal&#8221; \/ofort\/ 12\/20 Tpl&#8217;a<br \/>\nAll paremal: Juss Piho &#8217;95<\/p>\n<p>Eesti Kunstnike Liidu liige Juss Piho on p\u00e4lvinud mitmeid rahvusvahelisi auhindu ning olnud nomineeritud Konrad M\u00e4e preemiale. V\u00e4hem tunneme teda aga graafikuna, sest eelk\u00f5ige praktiseeris ta seda oma varasemas loomingus.<\/p>\n","protected":false},"featured_media":36702,"template":"","meta":{"_acf_changed":false},"product_brand":[],"product_cat":[61,59],"product_tag":[60],"class_list":{"0":"post-36698","1":"product","2":"type-product","3":"status-publish","4":"has-post-thumbnail","6":"product_cat-graafika","7":"product_cat-e-pood","8":"product_tag-e-pood","10":"first","11":"instock","12":"sold-individually","13":"shipping-taxable","14":"purchasable","15":"product-type-simple"},"acf":[],"_links":{"self":[{"href":"https:\/\/alleegalerii.ee\/en\/wp-json\/wp\/v2\/product\/36698","targetHints":{"allow":["GET"]}}],"collection":[{"href":"https:\/\/alleegalerii.ee\/en\/wp-json\/wp\/v2\/product"}],"about":[{"href":"https:\/\/alleegalerii.ee\/en\/wp-json\/wp\/v2\/types\/product"}],"wp:featuredmedia":[{"embeddable":true,"href":"https:\/\/alleegalerii.ee\/en\/wp-json\/wp\/v2\/media\/36702"}],"wp:attachment":[{"href":"https:\/\/alleegalerii.ee\/en\/wp-json\/wp\/v2\/media?parent=36698"}],"wp:term":[{"taxonomy":"product_brand","embeddable":true,"href":"https:\/\/alleegalerii.ee\/en\/wp-json\/wp\/v2\/product_brand?post=36698"},{"taxonomy":"product_cat","embeddable":true,"href":"https:\/\/alleegalerii.ee\/en\/wp-json\/wp\/v2\/product_cat?post=36698"},{"taxonomy":"product_tag","embeddable":true,"href":"https:\/\/alleegalerii.ee\/en\/wp-json\/wp\/v2\/product_tag?post=36698"}],"curies":[{"name":"wp","href":"https:\/\/api.w.org\/{rel}","templated":true}]}}