{"id":36673,"date":"2025-10-23T13:29:33","date_gmt":"2025-10-23T10:29:33","guid":{"rendered":"https:\/\/alleegalerii.ee\/?post_type=product&#038;p=36673"},"modified":"2025-11-20T00:28:27","modified_gmt":"2025-11-19T22:28:27","slug":"marje-uksine-ohtune-natuurmort-i-1988","status":"publish","type":"product","link":"https:\/\/alleegalerii.ee\/en\/shop\/marje-uksine-ohtune-natuurmort-i-1988\/","title":{"rendered":"Marje \u00dcksine \u201c\u00d5htune nat\u00fc\u00fcrmort I&#8221;, 1988"},"content":{"rendered":"","protected":false},"excerpt":{"rendered":"<p>V\u00e4rviline litograafia paberil. Raamitud.<\/p>\n<p>M\u00f5\u00f5dud: plm 35 x 40 cm, raamiga 60 x 60 cm.<\/p>\n<p>All vasakul: &#8220;\u00d5htune nat\u00fc\u00fcrmort I&#8221;<br \/>\nAll keskel: (v\u00e4rv. lito) 25\/30<br \/>\nAll paremal: M. \u00dcksine 1988<\/p>\n<p>Oma loominguga mitmetesse maailma mainekatesse kunstikollektsioonidesse kuuluv graafik Marje \u00dcksine armastab oma teosteis sageli \u00fchendada arhitektuuri igap\u00e4evaste esemetega. Mustvalgete viirutatud graafiliste t\u00f6\u00f6de k\u00f5rval kuuluvad tema loomepagasissee ka v\u00e4rvilised, p\u00f5nevalt koloreeritud teosed, nagu ka k\u00e4esolev \u201c\u00d5htune nat\u00fc\u00fcrmort I\u201d.<\/p>\n","protected":false},"featured_media":36674,"template":"","meta":{"_acf_changed":false},"product_brand":[],"product_cat":[61,57,59],"product_tag":[60],"class_list":{"0":"post-36673","1":"product","2":"type-product","3":"status-publish","4":"has-post-thumbnail","6":"product_cat-graafika","7":"product_cat-muudud","8":"product_cat-e-pood","9":"product_tag-e-pood","11":"first","12":"outofstock","13":"sold-individually","14":"shipping-taxable","15":"purchasable","16":"product-type-simple"},"acf":[],"_links":{"self":[{"href":"https:\/\/alleegalerii.ee\/en\/wp-json\/wp\/v2\/product\/36673","targetHints":{"allow":["GET"]}}],"collection":[{"href":"https:\/\/alleegalerii.ee\/en\/wp-json\/wp\/v2\/product"}],"about":[{"href":"https:\/\/alleegalerii.ee\/en\/wp-json\/wp\/v2\/types\/product"}],"wp:featuredmedia":[{"embeddable":true,"href":"https:\/\/alleegalerii.ee\/en\/wp-json\/wp\/v2\/media\/36674"}],"wp:attachment":[{"href":"https:\/\/alleegalerii.ee\/en\/wp-json\/wp\/v2\/media?parent=36673"}],"wp:term":[{"taxonomy":"product_brand","embeddable":true,"href":"https:\/\/alleegalerii.ee\/en\/wp-json\/wp\/v2\/product_brand?post=36673"},{"taxonomy":"product_cat","embeddable":true,"href":"https:\/\/alleegalerii.ee\/en\/wp-json\/wp\/v2\/product_cat?post=36673"},{"taxonomy":"product_tag","embeddable":true,"href":"https:\/\/alleegalerii.ee\/en\/wp-json\/wp\/v2\/product_tag?post=36673"}],"curies":[{"name":"wp","href":"https:\/\/api.w.org\/{rel}","templated":true}]}}