{"id":34371,"date":"2025-10-03T15:45:59","date_gmt":"2025-10-03T12:45:59","guid":{"rendered":"https:\/\/alleegalerii.ee\/?post_type=product&#038;p=34371"},"modified":"2025-10-03T15:45:59","modified_gmt":"2025-10-03T12:45:59","slug":"evald-okas-lamav-akt-1989","status":"publish","type":"product","link":"https:\/\/alleegalerii.ee\/en\/shop\/evald-okas-lamav-akt-1989\/","title":{"rendered":"Evald Okas &#8220;Lamav akt&#8221;, 1989"},"content":{"rendered":"","protected":false},"excerpt":{"rendered":"<p>Tu\u0161\u0161 paberil. Raamitud.<\/p>\n<p>M\u00f5\u00f5dud: 49,5 x 63,5 cm, raamiga 54,5 x 68,5 cm.<\/p>\n<p>All paremal: EOkas 1989<\/p>\n<p>Evald Okas l\u00f5petas Riigi K\u00f5rgema Kunstikooli maali alal 1941. aastal ning samal aastal mobiliseeriti ta Punaarmeesse ning kuulus n\u00f6. rindekunstnikuna ka Jaroslavli eesti kunstnike kollektiivi.<\/p>\n","protected":false},"featured_media":34378,"template":"","meta":{"_acf_changed":false},"product_brand":[],"product_cat":[62,59],"product_tag":[60],"class_list":{"0":"post-34371","1":"product","2":"type-product","3":"status-publish","4":"has-post-thumbnail","6":"product_cat-joonistus","7":"product_cat-e-pood","8":"product_tag-e-pood","10":"first","11":"instock","12":"shipping-taxable","13":"purchasable","14":"product-type-simple"},"acf":[],"_links":{"self":[{"href":"https:\/\/alleegalerii.ee\/en\/wp-json\/wp\/v2\/product\/34371","targetHints":{"allow":["GET"]}}],"collection":[{"href":"https:\/\/alleegalerii.ee\/en\/wp-json\/wp\/v2\/product"}],"about":[{"href":"https:\/\/alleegalerii.ee\/en\/wp-json\/wp\/v2\/types\/product"}],"wp:featuredmedia":[{"embeddable":true,"href":"https:\/\/alleegalerii.ee\/en\/wp-json\/wp\/v2\/media\/34378"}],"wp:attachment":[{"href":"https:\/\/alleegalerii.ee\/en\/wp-json\/wp\/v2\/media?parent=34371"}],"wp:term":[{"taxonomy":"product_brand","embeddable":true,"href":"https:\/\/alleegalerii.ee\/en\/wp-json\/wp\/v2\/product_brand?post=34371"},{"taxonomy":"product_cat","embeddable":true,"href":"https:\/\/alleegalerii.ee\/en\/wp-json\/wp\/v2\/product_cat?post=34371"},{"taxonomy":"product_tag","embeddable":true,"href":"https:\/\/alleegalerii.ee\/en\/wp-json\/wp\/v2\/product_tag?post=34371"}],"curies":[{"name":"wp","href":"https:\/\/api.w.org\/{rel}","templated":true}]}}