{"id":34327,"date":"2025-10-01T13:08:09","date_gmt":"2025-10-01T10:08:09","guid":{"rendered":"https:\/\/alleegalerii.ee\/?post_type=product&#038;p=34327"},"modified":"2025-10-03T12:34:00","modified_gmt":"2025-10-03T09:34:00","slug":"andrus-rouk-vaimuvolu-3-2005","status":"publish","type":"product","link":"https:\/\/alleegalerii.ee\/en\/shop\/andrus-rouk-vaimuvolu-3-2005\/","title":{"rendered":"Andrus R\u00f5uk &#8220;Vaimuv\u00f5lu&#8221;. 3., 2005"},"content":{"rendered":"","protected":false},"excerpt":{"rendered":"<p>\u00d5li l\u00f5uendil.<\/p>\n<p>M\u00f5\u00f5dud: 75 x 65 cm<\/p>\n<p>All paremal: R\u00d5UK<br \/>\nP\u00f6\u00f6rdel: Andrus R\u00f5uk &#8220;Vaimuv\u00f5lu&#8221; 3. 2005 \u00f5li, l\u00f5uend (75 x 65)<\/p>\n<p>Tallinnast p\u00e4rit maalikunstnik ja luuletaja Andrus R\u00f5uk (s. 1957) \u00f5ppis EKAs, tolleaegses ERKIs, arhitektuuri ja seej\u00e4rel teatrikujundust, l\u00f5petades viimase eriala aastal 1989. R\u00f5uk on alates 1977. aastast osalenud k\u00fcmnetel isiku- ja grupin\u00e4itustel Eestis ja v\u00e4lismaal ning on autasustatud 2018. aastal ka Valget\u00e4he IV. klassi teenetem\u00e4rgiga.<\/p>\n<p>Lisaks erakordselt produktiivsele t\u00f6\u00f6le maalikunstnikuna on R\u00f5uk kujundanud mitmeid teatrilavastusi ja filme ning kirjutanud arvukalt luulet, mida on avaldatud nii Loomingus kui ka Vikerkaares. Just oma patriootliku, 1981. aastal Loomingus ilmunud luuletuse &#8220;Silmades taevas ja meri&#8221; t\u00f5ttu \u2014 mille esimesed t\u00e4hed moodustasid s\u00f5na SINIMUSTVALGE \u2014 heideti R\u00f5uk tolleaegsete ENSV v\u00f5imude poolt kunstiinstituudist v\u00e4lja, kuhu tal lubati naaseda alles kolm aastat hiljem.<\/p>\n<p>Vabariigi algusaastatel astus R\u00f5uk Eesti Kunstnike Liitu ning hakkas v\u00e4lja arendama sedasama oman\u00e4olist abstraktset stiili, mida n\u00e4eme ka k\u00e4esoleval, 2005. aastal valminud \u00f5limaalil &#8220;Vaimuv\u00f5lu 3&#8221;. R\u00f5uk ise on oma eeskujudena muuhulgas v\u00e4lja toonud Rene Magritte&#8217;i ja eriti Joan Miro&#8217;d, kelle s\u00fcmbolite sulandamine geomeetriaga on kunstnikule palju m\u00f5ju avaldanud.<\/p>\n","protected":false},"featured_media":34334,"template":"","meta":{"_acf_changed":false},"product_brand":[],"product_cat":[415,56,59],"product_tag":[60],"class_list":{"0":"post-34327","1":"product","2":"type-product","3":"status-publish","4":"has-post-thumbnail","6":"product_cat-maal","7":"product_cat-olimaal","8":"product_cat-e-pood","9":"product_tag-e-pood","11":"first","12":"instock","13":"sold-individually","14":"shipping-taxable","15":"purchasable","16":"product-type-simple"},"acf":[],"_links":{"self":[{"href":"https:\/\/alleegalerii.ee\/en\/wp-json\/wp\/v2\/product\/34327","targetHints":{"allow":["GET"]}}],"collection":[{"href":"https:\/\/alleegalerii.ee\/en\/wp-json\/wp\/v2\/product"}],"about":[{"href":"https:\/\/alleegalerii.ee\/en\/wp-json\/wp\/v2\/types\/product"}],"wp:featuredmedia":[{"embeddable":true,"href":"https:\/\/alleegalerii.ee\/en\/wp-json\/wp\/v2\/media\/34334"}],"wp:attachment":[{"href":"https:\/\/alleegalerii.ee\/en\/wp-json\/wp\/v2\/media?parent=34327"}],"wp:term":[{"taxonomy":"product_brand","embeddable":true,"href":"https:\/\/alleegalerii.ee\/en\/wp-json\/wp\/v2\/product_brand?post=34327"},{"taxonomy":"product_cat","embeddable":true,"href":"https:\/\/alleegalerii.ee\/en\/wp-json\/wp\/v2\/product_cat?post=34327"},{"taxonomy":"product_tag","embeddable":true,"href":"https:\/\/alleegalerii.ee\/en\/wp-json\/wp\/v2\/product_tag?post=34327"}],"curies":[{"name":"wp","href":"https:\/\/api.w.org\/{rel}","templated":true}]}}