{"id":34267,"date":"2025-09-26T13:15:12","date_gmt":"2025-09-26T10:15:12","guid":{"rendered":"https:\/\/alleegalerii.ee\/?post_type=product&#038;p=34267"},"modified":"2025-10-21T13:13:09","modified_gmt":"2025-10-21T10:13:09","slug":"olev-soans-purjesoidu-ajalugu-1976-1979","status":"publish","type":"product","link":"https:\/\/alleegalerii.ee\/en\/shop\/olev-soans-purjesoidu-ajalugu-1976-1979\/","title":{"rendered":"Olev Soans &#8220;Purjes\u00f5idu ajalugu&#8221;, 1976-1979"},"content":{"rendered":"","protected":false},"excerpt":{"rendered":"<p>S\u00f6\u00f6vitus paberil. Raamitud.<\/p>\n<p>M\u00f5\u00f5dud: plm 57 x 61,8 cm, raamiga 76 x 80 cm.<\/p>\n<p>All vasakul: \/s\u00f6\u00f6vitus\/<br \/>\nAll keskel: Olev Soans 1976-79<br \/>\nAll paremal: proov<\/p>\n<p>Olev Soans (1925-1995) oli eesti graafik ja pedagoog, kelle loomingus oli oluline koht kultuuriajaloolisel v\u00e4\u00e4rtusel.\u00a0 Maakaardid (piltkaardid) oli \u00fcks tema lemmik\u017eanre.<\/p>\n","protected":false},"featured_media":34268,"template":"","meta":{"_acf_changed":false},"product_brand":[],"product_cat":[61,59],"product_tag":[60],"class_list":{"0":"post-34267","1":"product","2":"type-product","3":"status-publish","4":"has-post-thumbnail","6":"product_cat-graafika","7":"product_cat-e-pood","8":"product_tag-e-pood","10":"first","11":"outofstock","12":"sold-individually","13":"shipping-taxable","14":"purchasable","15":"product-type-simple"},"acf":[],"_links":{"self":[{"href":"https:\/\/alleegalerii.ee\/en\/wp-json\/wp\/v2\/product\/34267","targetHints":{"allow":["GET"]}}],"collection":[{"href":"https:\/\/alleegalerii.ee\/en\/wp-json\/wp\/v2\/product"}],"about":[{"href":"https:\/\/alleegalerii.ee\/en\/wp-json\/wp\/v2\/types\/product"}],"wp:featuredmedia":[{"embeddable":true,"href":"https:\/\/alleegalerii.ee\/en\/wp-json\/wp\/v2\/media\/34268"}],"wp:attachment":[{"href":"https:\/\/alleegalerii.ee\/en\/wp-json\/wp\/v2\/media?parent=34267"}],"wp:term":[{"taxonomy":"product_brand","embeddable":true,"href":"https:\/\/alleegalerii.ee\/en\/wp-json\/wp\/v2\/product_brand?post=34267"},{"taxonomy":"product_cat","embeddable":true,"href":"https:\/\/alleegalerii.ee\/en\/wp-json\/wp\/v2\/product_cat?post=34267"},{"taxonomy":"product_tag","embeddable":true,"href":"https:\/\/alleegalerii.ee\/en\/wp-json\/wp\/v2\/product_tag?post=34267"}],"curies":[{"name":"wp","href":"https:\/\/api.w.org\/{rel}","templated":true}]}}