{"id":3426,"date":"2021-09-13T19:44:55","date_gmt":"2021-09-13T16:44:55","guid":{"rendered":"https:\/\/alleegalerii.ee\/?post_type=product&#038;p=3426"},"modified":"2024-04-19T18:14:43","modified_gmt":"2024-04-19T15:14:43","slug":"navitrolla-lahe-lill-1999","status":"publish","type":"product","link":"https:\/\/alleegalerii.ee\/en\/shop\/navitrolla-lahe-lill-1999\/","title":{"rendered":"Navitrolla &#8220;Lahe lill&#8221;, 1999"},"content":{"rendered":"","protected":false},"excerpt":{"rendered":"<p>M\u00dc\u00dcDUD<\/p>\n<p>\u00d5li l\u00f5uendil, raamitud.<\/p>\n<p>M\u00f5\u00f5dud: 50 x 35.<\/p>\n<p>V\u00f5rumaal tegutsev Navitrolla, kodanikunimega Heiki Trolla, on viljelenud nii maali kui graafikat. Tihti asetab kunstnik maali tegelased harjumatusse keskkonda, vahel lausa utoopiliste maastike keskele. Navitrolla ise on \u00f6elnud, et suurim m\u00f5te, mida ta vaatajatele edasi anda tahab, on see, et maalides on ta \u00f5nnelik ja selle l\u00e4bi on ta muutnud maailma \u00fche inimese v\u00f5rra \u00f5nnelikumaks. Teos &#8220;Lahe lill&#8221; kuulub tema varasemasse loomeperioodi ning eristub muust loomingust maheda ja minimalistliku v\u00e4rvigamma poolest.<\/p>\n","protected":false},"featured_media":3427,"template":"","meta":{"_acf_changed":false},"product_brand":[],"product_cat":[415,56,57,59],"product_tag":[60],"class_list":{"0":"post-3426","1":"product","2":"type-product","3":"status-publish","4":"has-post-thumbnail","6":"product_cat-maal","7":"product_cat-olimaal","8":"product_cat-muudud","9":"product_cat-e-pood","10":"product_tag-e-pood","12":"first","13":"outofstock","14":"sold-individually","15":"shipping-taxable","16":"product-type-simple"},"acf":[],"_links":{"self":[{"href":"https:\/\/alleegalerii.ee\/en\/wp-json\/wp\/v2\/product\/3426","targetHints":{"allow":["GET"]}}],"collection":[{"href":"https:\/\/alleegalerii.ee\/en\/wp-json\/wp\/v2\/product"}],"about":[{"href":"https:\/\/alleegalerii.ee\/en\/wp-json\/wp\/v2\/types\/product"}],"wp:featuredmedia":[{"embeddable":true,"href":"https:\/\/alleegalerii.ee\/en\/wp-json\/wp\/v2\/media\/3427"}],"wp:attachment":[{"href":"https:\/\/alleegalerii.ee\/en\/wp-json\/wp\/v2\/media?parent=3426"}],"wp:term":[{"taxonomy":"product_brand","embeddable":true,"href":"https:\/\/alleegalerii.ee\/en\/wp-json\/wp\/v2\/product_brand?post=3426"},{"taxonomy":"product_cat","embeddable":true,"href":"https:\/\/alleegalerii.ee\/en\/wp-json\/wp\/v2\/product_cat?post=3426"},{"taxonomy":"product_tag","embeddable":true,"href":"https:\/\/alleegalerii.ee\/en\/wp-json\/wp\/v2\/product_tag?post=3426"}],"curies":[{"name":"wp","href":"https:\/\/api.w.org\/{rel}","templated":true}]}}