{"id":34238,"date":"2025-09-25T17:31:57","date_gmt":"2025-09-25T14:31:57","guid":{"rendered":"https:\/\/alleegalerii.ee\/?post_type=product&#038;p=34238"},"modified":"2026-01-16T15:04:48","modified_gmt":"2026-01-16T13:04:48","slug":"marje-taska-muster-1984","status":"publish","type":"product","link":"https:\/\/alleegalerii.ee\/en\/shop\/marje-taska-muster-1984\/","title":{"rendered":"Marje Taska &#8220;Muster&#8221;, 1984"},"content":{"rendered":"","protected":false},"excerpt":{"rendered":"<p>Tu\u0161\u0161 paberil. Raamitud.<\/p>\n<p>M\u00f5\u00f5dud: 95,5 x 20 cm, raamiga 96,5 x 21,5 cm.<\/p>\n<p>All paremal: Marje Taska 84<\/p>\n<p>Saanud kunstihariduse T\u00f5nis Vindi stuudios ning hiljem Rootsis, kujunes Marje Taskast (s 1955) geomeetrilisse vormi valatud vaimseid v\u00e4\u00e4rtuseid hindav kunstnik, kes on tegutsenud vabakutselise kunstnikuna juba ligi 50 aastat. Rahvusvahelise haardega kunstniku isiku-ja grupin\u00e4ituste nimekiri on pikk ja tema t\u00e4naseks kodulinnaks on Tallinna k\u00f5rval Stockholm.<\/p>\n","protected":false},"featured_media":34265,"template":"","meta":{"_acf_changed":false},"product_brand":[],"product_cat":[62,59],"product_tag":[60],"class_list":{"0":"post-34238","1":"product","2":"type-product","3":"status-publish","4":"has-post-thumbnail","6":"product_cat-joonistus","7":"product_cat-e-pood","8":"product_tag-e-pood","10":"first","11":"instock","12":"sold-individually","13":"shipping-taxable","14":"purchasable","15":"product-type-simple"},"acf":[],"_links":{"self":[{"href":"https:\/\/alleegalerii.ee\/en\/wp-json\/wp\/v2\/product\/34238","targetHints":{"allow":["GET"]}}],"collection":[{"href":"https:\/\/alleegalerii.ee\/en\/wp-json\/wp\/v2\/product"}],"about":[{"href":"https:\/\/alleegalerii.ee\/en\/wp-json\/wp\/v2\/types\/product"}],"wp:featuredmedia":[{"embeddable":true,"href":"https:\/\/alleegalerii.ee\/en\/wp-json\/wp\/v2\/media\/34265"}],"wp:attachment":[{"href":"https:\/\/alleegalerii.ee\/en\/wp-json\/wp\/v2\/media?parent=34238"}],"wp:term":[{"taxonomy":"product_brand","embeddable":true,"href":"https:\/\/alleegalerii.ee\/en\/wp-json\/wp\/v2\/product_brand?post=34238"},{"taxonomy":"product_cat","embeddable":true,"href":"https:\/\/alleegalerii.ee\/en\/wp-json\/wp\/v2\/product_cat?post=34238"},{"taxonomy":"product_tag","embeddable":true,"href":"https:\/\/alleegalerii.ee\/en\/wp-json\/wp\/v2\/product_tag?post=34238"}],"curies":[{"name":"wp","href":"https:\/\/api.w.org\/{rel}","templated":true}]}}