{"id":3419,"date":"2021-09-10T14:11:32","date_gmt":"2021-09-10T11:11:32","guid":{"rendered":"https:\/\/alleegalerii.ee\/?post_type=product&#038;p=3419"},"modified":"2023-11-14T22:07:30","modified_gmt":"2023-11-14T20:07:30","slug":"alar-paaro-kubaratrikk-2021","status":"publish","type":"product","link":"https:\/\/alleegalerii.ee\/en\/shop\/alar-paaro-kubaratrikk-2021\/","title":{"rendered":"Alar P\u00e4\u00e4ro &#8220;K\u00fcbaratrikk&#8221;, 2021"},"content":{"rendered":"","protected":false},"excerpt":{"rendered":"<p>\u00d5li l\u00f5uendil.<\/p>\n<p>M\u00f5\u00f5dud: 50 x 40, raamitud.<\/p>\n<p>P\u00e4rnu kunstnik Alar P\u00e4\u00e4ro on k\u00fcll ise\u00f5ppija, kuid tema fantaasiak\u00fcllased teosed on esinenud mitmetel n\u00e4itustel. Tema \u00fcks lemmikv\u00e4rve on pruun, millest ta leiab l\u00f5putuid toone, millega m\u00e4ngida. Nii ka &#8220;K\u00fcbaratrikis&#8221;.<\/p>\n","protected":false},"featured_media":3421,"template":"","meta":{"_acf_changed":false},"product_brand":[],"product_cat":[415,56,59],"product_tag":[60],"class_list":{"0":"post-3419","1":"product","2":"type-product","3":"status-publish","4":"has-post-thumbnail","6":"product_cat-maal","7":"product_cat-olimaal","8":"product_cat-e-pood","9":"product_tag-e-pood","11":"first","12":"outofstock","13":"sold-individually","14":"shipping-taxable","15":"product-type-simple"},"acf":[],"_links":{"self":[{"href":"https:\/\/alleegalerii.ee\/en\/wp-json\/wp\/v2\/product\/3419","targetHints":{"allow":["GET"]}}],"collection":[{"href":"https:\/\/alleegalerii.ee\/en\/wp-json\/wp\/v2\/product"}],"about":[{"href":"https:\/\/alleegalerii.ee\/en\/wp-json\/wp\/v2\/types\/product"}],"wp:featuredmedia":[{"embeddable":true,"href":"https:\/\/alleegalerii.ee\/en\/wp-json\/wp\/v2\/media\/3421"}],"wp:attachment":[{"href":"https:\/\/alleegalerii.ee\/en\/wp-json\/wp\/v2\/media?parent=3419"}],"wp:term":[{"taxonomy":"product_brand","embeddable":true,"href":"https:\/\/alleegalerii.ee\/en\/wp-json\/wp\/v2\/product_brand?post=3419"},{"taxonomy":"product_cat","embeddable":true,"href":"https:\/\/alleegalerii.ee\/en\/wp-json\/wp\/v2\/product_cat?post=3419"},{"taxonomy":"product_tag","embeddable":true,"href":"https:\/\/alleegalerii.ee\/en\/wp-json\/wp\/v2\/product_tag?post=3419"}],"curies":[{"name":"wp","href":"https:\/\/api.w.org\/{rel}","templated":true}]}}