{"id":34165,"date":"2025-09-11T20:55:32","date_gmt":"2025-09-11T17:55:32","guid":{"rendered":"https:\/\/alleegalerii.ee\/?post_type=product&#038;p=34165"},"modified":"2026-01-14T17:20:12","modified_gmt":"2026-01-14T15:20:12","slug":"erna-josephine-von-deeters-vaade-toompeale-1936","status":"publish","type":"product","link":"https:\/\/alleegalerii.ee\/en\/shop\/erna-josephine-von-deeters-vaade-toompeale-1936\/","title":{"rendered":"Erna-Josephine von Deeters &#8220;Vaade Toompeale&#8221;, 1936"},"content":{"rendered":"","protected":false},"excerpt":{"rendered":"<p>Segatehnika paberil. Raamitud.<\/p>\n<p>M\u00f5\u00f5dud: ava 23,5 x 37 cm, raamiga 44 x 56,5 cm.<\/p>\n<p>All vasakul: 1936 E. Deeters.<\/p>\n<p>Erna-Josephine von Deeters (1876-1961) oli pedagoog ja maalikunstnik. Omandas kunstihariduse Riias kui ka Peterburi Kunstide Edendamise Seltsi koolis. Tema loomingusse kuulusid suuremalt jaolt akvarellid ja \u00f5limaalid, kus kujutas nii lilli, interj\u00f6\u00f6ri- ja linnavaateid. Lisaks koostas postkaardisarju temperatehnikas, nii Tallinna, Narva, Tartu ja Riia vaadetest.<\/p>\n","protected":false},"featured_media":34168,"template":"","meta":{"_acf_changed":false},"product_brand":[],"product_cat":[415,57,59,93],"product_tag":[60],"class_list":{"0":"post-34165","1":"product","2":"type-product","3":"status-publish","4":"has-post-thumbnail","6":"product_cat-maal","7":"product_cat-muudud","8":"product_cat-e-pood","9":"product_cat-segatehnika","10":"product_tag-e-pood","12":"first","13":"outofstock","14":"sold-individually","15":"shipping-taxable","16":"purchasable","17":"product-type-simple"},"acf":[],"_links":{"self":[{"href":"https:\/\/alleegalerii.ee\/en\/wp-json\/wp\/v2\/product\/34165","targetHints":{"allow":["GET"]}}],"collection":[{"href":"https:\/\/alleegalerii.ee\/en\/wp-json\/wp\/v2\/product"}],"about":[{"href":"https:\/\/alleegalerii.ee\/en\/wp-json\/wp\/v2\/types\/product"}],"wp:featuredmedia":[{"embeddable":true,"href":"https:\/\/alleegalerii.ee\/en\/wp-json\/wp\/v2\/media\/34168"}],"wp:attachment":[{"href":"https:\/\/alleegalerii.ee\/en\/wp-json\/wp\/v2\/media?parent=34165"}],"wp:term":[{"taxonomy":"product_brand","embeddable":true,"href":"https:\/\/alleegalerii.ee\/en\/wp-json\/wp\/v2\/product_brand?post=34165"},{"taxonomy":"product_cat","embeddable":true,"href":"https:\/\/alleegalerii.ee\/en\/wp-json\/wp\/v2\/product_cat?post=34165"},{"taxonomy":"product_tag","embeddable":true,"href":"https:\/\/alleegalerii.ee\/en\/wp-json\/wp\/v2\/product_tag?post=34165"}],"curies":[{"name":"wp","href":"https:\/\/api.w.org\/{rel}","templated":true}]}}