{"id":34157,"date":"2025-09-10T09:27:41","date_gmt":"2025-09-10T06:27:41","guid":{"rendered":"https:\/\/alleegalerii.ee\/?post_type=product&#038;p=34157"},"modified":"2026-01-16T15:11:39","modified_gmt":"2026-01-16T13:11:39","slug":"valdemar-vali-kullerkupud-1983","status":"publish","type":"product","link":"https:\/\/alleegalerii.ee\/en\/shop\/valdemar-vali-kullerkupud-1983\/","title":{"rendered":"Valdemar V\u00e4li &#8220;Kullerkupud&#8221;, 1983"},"content":{"rendered":"","protected":false},"excerpt":{"rendered":"<p>\u00d5li vineeril. Raamitud (soovitame raami vahetust, mille osas saame soovi korral abiks olla).<\/p>\n<p>M\u00f5\u00f5dud: 47,7 x 41,5 cm.<\/p>\n<p>All vasakul: VV 83<br \/>\nP\u00f6\u00f6rdel: V\u00c4LI &#8220;KULLERKUPUD&#8221; 1983 47,7 x 41,5 cm<\/p>\n<p>1938. aastal Pallasesse astunud ja Ado Vabbe k\u00e4e all kunstnikuks sirgunud Valdemar V\u00e4li (vahel ka Voldemar V\u00e4li, 1909-2007) teoseid leidub nii Eesti kui v\u00e4lismaa kogudes.<\/p>\n","protected":false},"featured_media":34158,"template":"","meta":{"_acf_changed":false},"product_brand":[],"product_cat":[415,56,59],"product_tag":[60],"class_list":{"0":"post-34157","1":"product","2":"type-product","3":"status-publish","4":"has-post-thumbnail","6":"product_cat-maal","7":"product_cat-olimaal","8":"product_cat-e-pood","9":"product_tag-e-pood","11":"first","12":"instock","13":"sold-individually","14":"shipping-taxable","15":"purchasable","16":"product-type-simple"},"acf":[],"_links":{"self":[{"href":"https:\/\/alleegalerii.ee\/en\/wp-json\/wp\/v2\/product\/34157","targetHints":{"allow":["GET"]}}],"collection":[{"href":"https:\/\/alleegalerii.ee\/en\/wp-json\/wp\/v2\/product"}],"about":[{"href":"https:\/\/alleegalerii.ee\/en\/wp-json\/wp\/v2\/types\/product"}],"wp:featuredmedia":[{"embeddable":true,"href":"https:\/\/alleegalerii.ee\/en\/wp-json\/wp\/v2\/media\/34158"}],"wp:attachment":[{"href":"https:\/\/alleegalerii.ee\/en\/wp-json\/wp\/v2\/media?parent=34157"}],"wp:term":[{"taxonomy":"product_brand","embeddable":true,"href":"https:\/\/alleegalerii.ee\/en\/wp-json\/wp\/v2\/product_brand?post=34157"},{"taxonomy":"product_cat","embeddable":true,"href":"https:\/\/alleegalerii.ee\/en\/wp-json\/wp\/v2\/product_cat?post=34157"},{"taxonomy":"product_tag","embeddable":true,"href":"https:\/\/alleegalerii.ee\/en\/wp-json\/wp\/v2\/product_tag?post=34157"}],"curies":[{"name":"wp","href":"https:\/\/api.w.org\/{rel}","templated":true}]}}