{"id":34152,"date":"2025-09-10T09:30:20","date_gmt":"2025-09-10T06:30:20","guid":{"rendered":"https:\/\/alleegalerii.ee\/?post_type=product&#038;p=34152"},"modified":"2025-09-10T09:33:08","modified_gmt":"2025-09-10T06:33:08","slug":"herald-eelma-katse-1983","status":"publish","type":"product","link":"https:\/\/alleegalerii.ee\/en\/shop\/herald-eelma-katse-1983\/","title":{"rendered":"Herald Eelma \u201cKatse\u201d, 1983"},"content":{"rendered":"","protected":false},"excerpt":{"rendered":"<p>Litograafia paberil. Raamitud.<\/p>\n<p>M\u00f5\u00f5dud: ava 28,5 x 18 cm, raamiga 42 x 31,5 cm.<\/p>\n<p>All paremal: HEelma 83.<\/p>\n<p>ERKI graafikuna l\u00f5petanud ning 1960-ndail eelk\u00f5ige linooli eelistanud Herald Eelmat (s. 1934) hakkas 1970. aastate keskel \u00fcha enam k\u00f6itma h\u00fcperrealismi lainest m\u00f5jutatud pretsiisne pliiatsijoonistus. K\u00f5ige t\u00e4psemalt sai sellise joonistusmaneeri \u00fcle kanda litosse, mist\u00f5ttu hakkas just see tehnika kunstniku loomingus alates 1970. aastate l\u00f5pust valitsema.<\/p>\n<p>&#8220;Katse&#8221; valmis tal kahes erinevas versioonis. Peategelane oli m\u00f5lemas sama, ent t\u00f6\u00f6d erinesid nii formaadilt kui detailidelt. K\u00e4esoleva paariku suurem versioon kuulub Eesti Kunstimuuseumi kollektsiooni.<\/p>\n","protected":false},"featured_media":34153,"template":"","meta":{"_acf_changed":false},"product_brand":[],"product_cat":[61,59],"product_tag":[60],"class_list":{"0":"post-34152","1":"product","2":"type-product","3":"status-publish","4":"has-post-thumbnail","6":"product_cat-graafika","7":"product_cat-e-pood","8":"product_tag-e-pood","10":"first","11":"instock","12":"sold-individually","13":"shipping-taxable","14":"purchasable","15":"product-type-simple"},"acf":[],"_links":{"self":[{"href":"https:\/\/alleegalerii.ee\/en\/wp-json\/wp\/v2\/product\/34152","targetHints":{"allow":["GET"]}}],"collection":[{"href":"https:\/\/alleegalerii.ee\/en\/wp-json\/wp\/v2\/product"}],"about":[{"href":"https:\/\/alleegalerii.ee\/en\/wp-json\/wp\/v2\/types\/product"}],"wp:featuredmedia":[{"embeddable":true,"href":"https:\/\/alleegalerii.ee\/en\/wp-json\/wp\/v2\/media\/34153"}],"wp:attachment":[{"href":"https:\/\/alleegalerii.ee\/en\/wp-json\/wp\/v2\/media?parent=34152"}],"wp:term":[{"taxonomy":"product_brand","embeddable":true,"href":"https:\/\/alleegalerii.ee\/en\/wp-json\/wp\/v2\/product_brand?post=34152"},{"taxonomy":"product_cat","embeddable":true,"href":"https:\/\/alleegalerii.ee\/en\/wp-json\/wp\/v2\/product_cat?post=34152"},{"taxonomy":"product_tag","embeddable":true,"href":"https:\/\/alleegalerii.ee\/en\/wp-json\/wp\/v2\/product_tag?post=34152"}],"curies":[{"name":"wp","href":"https:\/\/api.w.org\/{rel}","templated":true}]}}