{"id":34147,"date":"2025-09-09T20:19:47","date_gmt":"2025-09-09T17:19:47","guid":{"rendered":"https:\/\/alleegalerii.ee\/?post_type=product&#038;p=34147"},"modified":"2026-03-07T12:57:38","modified_gmt":"2026-03-07T10:57:38","slug":"abel-lee-butterfly-1969","status":"publish","type":"product","link":"https:\/\/alleegalerii.ee\/en\/shop\/abel-lee-butterfly-1969\/","title":{"rendered":"Abel Lee &#8220;Butterfly&#8221;, 1969"},"content":{"rendered":"","protected":false},"excerpt":{"rendered":"<p>M\u00dc\u00dcDUD.<\/p>\n<p>Litograafia paberil. Raamitud.<\/p>\n<p>M\u00f5\u00f5dud: km 22,6 x 22,6 cm, raamiga 37 x 37 cm.<\/p>\n<p>All vasakul: &#8220;Butterfly&#8221; Lito 1969<br \/>\nAll paremal: Abel Lee.<\/p>\n<p>Legendaarse G\u00fcnther Reindorffi k\u00e4e all kunstihariduse saanud Abel Lee (1918-2010) emigreerus hiljem Kanadasse ning sai seet\u00f5ttu oma kunstis edasi anda vaba maailma emotsioone.<\/p>\n","protected":false},"featured_media":34148,"template":"","meta":{"_acf_changed":false},"product_brand":[],"product_cat":[61,57,59],"product_tag":[60],"class_list":{"0":"post-34147","1":"product","2":"type-product","3":"status-publish","4":"has-post-thumbnail","6":"product_cat-graafika","7":"product_cat-muudud","8":"product_cat-e-pood","9":"product_tag-e-pood","11":"first","12":"outofstock","13":"shipping-taxable","14":"purchasable","15":"product-type-simple"},"acf":[],"_links":{"self":[{"href":"https:\/\/alleegalerii.ee\/en\/wp-json\/wp\/v2\/product\/34147","targetHints":{"allow":["GET"]}}],"collection":[{"href":"https:\/\/alleegalerii.ee\/en\/wp-json\/wp\/v2\/product"}],"about":[{"href":"https:\/\/alleegalerii.ee\/en\/wp-json\/wp\/v2\/types\/product"}],"wp:featuredmedia":[{"embeddable":true,"href":"https:\/\/alleegalerii.ee\/en\/wp-json\/wp\/v2\/media\/34148"}],"wp:attachment":[{"href":"https:\/\/alleegalerii.ee\/en\/wp-json\/wp\/v2\/media?parent=34147"}],"wp:term":[{"taxonomy":"product_brand","embeddable":true,"href":"https:\/\/alleegalerii.ee\/en\/wp-json\/wp\/v2\/product_brand?post=34147"},{"taxonomy":"product_cat","embeddable":true,"href":"https:\/\/alleegalerii.ee\/en\/wp-json\/wp\/v2\/product_cat?post=34147"},{"taxonomy":"product_tag","embeddable":true,"href":"https:\/\/alleegalerii.ee\/en\/wp-json\/wp\/v2\/product_tag?post=34147"}],"curies":[{"name":"wp","href":"https:\/\/api.w.org\/{rel}","templated":true}]}}