{"id":34106,"date":"2025-09-02T15:28:18","date_gmt":"2025-09-02T12:28:18","guid":{"rendered":"https:\/\/alleegalerii.ee\/?post_type=product&#038;p=34106"},"modified":"2026-01-14T17:19:36","modified_gmt":"2026-01-14T15:19:36","slug":"ants-murakin-kaljune-maastik-1950","status":"publish","type":"product","link":"https:\/\/alleegalerii.ee\/en\/shop\/ants-murakin-kaljune-maastik-1950\/","title":{"rendered":"Ants Murakin &#8220;Kaljune maastik&#8221;, 1950"},"content":{"rendered":"","protected":false},"excerpt":{"rendered":"<p>Segatehnika, gua\u0161\u0161 paberil. Raamitud.<\/p>\n<p>M\u00f5\u00f5dud: Vm 18 x 25<span class=\"u\">\u00a0cm<\/span>, raamiga 41 x 47 cm.<\/p>\n<p>All vasakul: A. Murakin<\/p>\n<p>Viljandimaal s\u00fcndind maalikunstnik ning Eesti \u00fcks arvestatavamaid ungari keele t\u00f5lke Ants Murakin (1892-1975) sai maalijana m\u00f5jutusi Noor-Eesti kunstnikelt ning hiljem Ungaris resideerudes postimpressionistidelt. 1944. aastast Rootsi elama asunud kunstnik j\u00e4i kuni elu l\u00f5puni eesti patrioodiks, kes ka v\u00e4lismaal olles hoidis au sees eesti keelt ja selle \u00f5petamist.<\/p>\n","protected":false},"featured_media":34107,"template":"","meta":{"_acf_changed":false},"product_brand":[],"product_cat":[415,57,59,93],"product_tag":[60],"class_list":{"0":"post-34106","1":"product","2":"type-product","3":"status-publish","4":"has-post-thumbnail","6":"product_cat-maal","7":"product_cat-muudud","8":"product_cat-e-pood","9":"product_cat-segatehnika","10":"product_tag-e-pood","12":"first","13":"outofstock","14":"sold-individually","15":"shipping-taxable","16":"purchasable","17":"product-type-simple"},"acf":[],"_links":{"self":[{"href":"https:\/\/alleegalerii.ee\/en\/wp-json\/wp\/v2\/product\/34106","targetHints":{"allow":["GET"]}}],"collection":[{"href":"https:\/\/alleegalerii.ee\/en\/wp-json\/wp\/v2\/product"}],"about":[{"href":"https:\/\/alleegalerii.ee\/en\/wp-json\/wp\/v2\/types\/product"}],"wp:featuredmedia":[{"embeddable":true,"href":"https:\/\/alleegalerii.ee\/en\/wp-json\/wp\/v2\/media\/34107"}],"wp:attachment":[{"href":"https:\/\/alleegalerii.ee\/en\/wp-json\/wp\/v2\/media?parent=34106"}],"wp:term":[{"taxonomy":"product_brand","embeddable":true,"href":"https:\/\/alleegalerii.ee\/en\/wp-json\/wp\/v2\/product_brand?post=34106"},{"taxonomy":"product_cat","embeddable":true,"href":"https:\/\/alleegalerii.ee\/en\/wp-json\/wp\/v2\/product_cat?post=34106"},{"taxonomy":"product_tag","embeddable":true,"href":"https:\/\/alleegalerii.ee\/en\/wp-json\/wp\/v2\/product_tag?post=34106"}],"curies":[{"name":"wp","href":"https:\/\/api.w.org\/{rel}","templated":true}]}}