{"id":34100,"date":"2025-08-30T14:32:08","date_gmt":"2025-08-30T11:32:08","guid":{"rendered":"https:\/\/alleegalerii.ee\/?post_type=product&#038;p=34100"},"modified":"2025-09-10T12:29:42","modified_gmt":"2025-09-10T09:29:42","slug":"boris-ottenberg-kevadine-toolse-1934","status":"publish","type":"product","link":"https:\/\/alleegalerii.ee\/en\/shop\/boris-ottenberg-kevadine-toolse-1934\/","title":{"rendered":"Boris Ottenberg &#8220;Kevadine Toolse&#8221;, 1934"},"content":{"rendered":"","protected":false},"excerpt":{"rendered":"<p>\u00d5li kartongil. Raamitud.<\/p>\n<p>M\u00f5\u00f5dud: 19,8 x 27,6 cm, raamiga 26 x 34 cm.<\/p>\n<p>All paremal: B. Ottenberg<br \/>\nP\u00f6\u00f6rdel: B. Ottenberg Kevadine Toolse 1934<\/p>\n<p>Saksa perekonnast p\u00e4rit Boris Ottenberg (1891-1946) v\u00f5ttis aktiivselt osa siinsest kunstielust. Tal oli palju eestlastest tuttavaid ja ostjaid, kellele imponeerisid tema tundliku loodusevaatleja natuur ja juugendstiili m\u00f5jutustega teosed.<\/p>\n<p>Ottenberg armastas maalida natuurist ja nii j\u00f5udis ta m\u00f6\u00f6da Eestimaad maalilisi paiku otsides Toilasse, kus peatus tuntud luuletaja Igor Severjanini juures \u2013 oli ju Ida-Virumaa p\u00f5hjarannik traditsiooniliselt armastatud suvituskoht. Sealt polnud kauge maa ka Toolseni, mille j\u00e4rsk kallas on k\u00e4esoleval teosel kunstniku t\u00e4helepanu v\u00f5itnud.<\/p>\n","protected":false},"featured_media":34101,"template":"","meta":{"_acf_changed":false},"product_brand":[],"product_cat":[415,56,59],"product_tag":[60],"class_list":{"0":"post-34100","1":"product","2":"type-product","3":"status-publish","4":"has-post-thumbnail","6":"product_cat-maal","7":"product_cat-olimaal","8":"product_cat-e-pood","9":"product_tag-e-pood","11":"first","12":"instock","13":"sold-individually","14":"shipping-taxable","15":"purchasable","16":"product-type-simple"},"acf":[],"_links":{"self":[{"href":"https:\/\/alleegalerii.ee\/en\/wp-json\/wp\/v2\/product\/34100","targetHints":{"allow":["GET"]}}],"collection":[{"href":"https:\/\/alleegalerii.ee\/en\/wp-json\/wp\/v2\/product"}],"about":[{"href":"https:\/\/alleegalerii.ee\/en\/wp-json\/wp\/v2\/types\/product"}],"wp:featuredmedia":[{"embeddable":true,"href":"https:\/\/alleegalerii.ee\/en\/wp-json\/wp\/v2\/media\/34101"}],"wp:attachment":[{"href":"https:\/\/alleegalerii.ee\/en\/wp-json\/wp\/v2\/media?parent=34100"}],"wp:term":[{"taxonomy":"product_brand","embeddable":true,"href":"https:\/\/alleegalerii.ee\/en\/wp-json\/wp\/v2\/product_brand?post=34100"},{"taxonomy":"product_cat","embeddable":true,"href":"https:\/\/alleegalerii.ee\/en\/wp-json\/wp\/v2\/product_cat?post=34100"},{"taxonomy":"product_tag","embeddable":true,"href":"https:\/\/alleegalerii.ee\/en\/wp-json\/wp\/v2\/product_tag?post=34100"}],"curies":[{"name":"wp","href":"https:\/\/api.w.org\/{rel}","templated":true}]}}