{"id":34083,"date":"2025-08-26T14:17:23","date_gmt":"2025-08-26T11:17:23","guid":{"rendered":"https:\/\/alleegalerii.ee\/?post_type=product&#038;p=34083"},"modified":"2025-09-03T15:37:15","modified_gmt":"2025-09-03T12:37:15","slug":"aleksander-pilar-vanalinna-vaade-1969","status":"publish","type":"product","link":"https:\/\/alleegalerii.ee\/en\/shop\/aleksander-pilar-vanalinna-vaade-1969\/","title":{"rendered":"Aleksander Pilar &#8220;Vanalinna vaade&#8221;, 1969"},"content":{"rendered":"","protected":false},"excerpt":{"rendered":"<p>Akvarell. Raamitud.<\/p>\n<p>M\u00f5\u00f5dud:\u00a0 46,5 x 34,5 cm, raamiga 63,5 x 49,5 cm.<\/p>\n<p>All vasakul: Pilar 69<\/p>\n<p>1930. aastal Anatoli Kaigorodovi k\u00e4e all kunsti\u00f5pinguid alustanud Aleksander Pilarist (1912-1989) kujunes k\u00f5rgelt hinnatud akvarellist, kelle teoseid oodati alati p\u00f5nevusega n\u00e4itustele. Tema eriline tehnika kanda v\u00e4rv alusele kleebitud m\u00e4rjale paberile leidis j\u00e4rgijaid ka tema \u00f5pilaste seas.<\/p>\n","protected":false},"featured_media":34124,"template":"","meta":{"_acf_changed":false},"product_brand":[],"product_cat":[415,54,59],"product_tag":[60],"class_list":{"0":"post-34083","1":"product","2":"type-product","3":"status-publish","4":"has-post-thumbnail","6":"product_cat-maal","7":"product_cat-akvarell","8":"product_cat-e-pood","9":"product_tag-e-pood","11":"first","12":"instock","13":"sold-individually","14":"shipping-taxable","15":"purchasable","16":"product-type-simple"},"acf":[],"_links":{"self":[{"href":"https:\/\/alleegalerii.ee\/en\/wp-json\/wp\/v2\/product\/34083","targetHints":{"allow":["GET"]}}],"collection":[{"href":"https:\/\/alleegalerii.ee\/en\/wp-json\/wp\/v2\/product"}],"about":[{"href":"https:\/\/alleegalerii.ee\/en\/wp-json\/wp\/v2\/types\/product"}],"wp:featuredmedia":[{"embeddable":true,"href":"https:\/\/alleegalerii.ee\/en\/wp-json\/wp\/v2\/media\/34124"}],"wp:attachment":[{"href":"https:\/\/alleegalerii.ee\/en\/wp-json\/wp\/v2\/media?parent=34083"}],"wp:term":[{"taxonomy":"product_brand","embeddable":true,"href":"https:\/\/alleegalerii.ee\/en\/wp-json\/wp\/v2\/product_brand?post=34083"},{"taxonomy":"product_cat","embeddable":true,"href":"https:\/\/alleegalerii.ee\/en\/wp-json\/wp\/v2\/product_cat?post=34083"},{"taxonomy":"product_tag","embeddable":true,"href":"https:\/\/alleegalerii.ee\/en\/wp-json\/wp\/v2\/product_tag?post=34083"}],"curies":[{"name":"wp","href":"https:\/\/api.w.org\/{rel}","templated":true}]}}