{"id":34071,"date":"2025-08-22T16:38:44","date_gmt":"2025-08-22T13:38:44","guid":{"rendered":"https:\/\/alleegalerii.ee\/?post_type=product&#038;p=34071"},"modified":"2025-08-22T16:38:45","modified_gmt":"2025-08-22T13:38:45","slug":"karl-burman-junior-tallinn-viru-tanav-1965","status":"publish","type":"product","link":"https:\/\/alleegalerii.ee\/en\/shop\/karl-burman-junior-tallinn-viru-tanav-1965\/","title":{"rendered":"Karl Burman junior \u201cTallinn \u2013 Viru t\u00e4nav\u201d, 1965"},"content":{"rendered":"","protected":false},"excerpt":{"rendered":"<p>Akvarell paberil. Raamitud.<\/p>\n<p>M\u00f5\u00f5dud: ava 27,5 x 18 cm.<\/p>\n<p>All paremal: Karl Burman junior 1965.<br \/>\nP\u00f6\u00f6rdel: Karl Burman junior \u201cTallinn \u2013 Viru t\u00e4nav\u201d AKVARELL 1965.a.<\/p>\n<p>Karl Burman junior (1914-2001) on Tallinna vanalinna maalides t\u00fc\u00fcpiline romantik \u2013 teda v\u00f5lub ja inspireerib ilus motiiv, et seda siis kiirelt ja v\u00e4rskelt j\u00e4\u00e4dvustada. P\u00e4iksepaistes Viru t\u00e4nav just seda v\u00f5imaldabki.<\/p>\n<p>Sulavas akvarelltehnikas maalitud teosel on nii hoonete \u00fcldistust kui konkreetsemaid detaile, samuti on h\u00e4sti klassikalise perspektiivi\u00f5petuse j\u00e4rgi tabatud t\u00e4navaruumi s\u00fcgavus. V\u00e4iksed inimfiguurid m\u00f5juvad kaugelt nagu t\u00e4pikesed v\u00e4rvi, kuid s\u00fcvenemisel avastame, et need kujud on liikumises, iga\u00fcks veel pealegi omas toonis ja oma kehakeelega!<\/p>\n","protected":false},"featured_media":30866,"template":"","meta":{"_acf_changed":false},"product_brand":[],"product_cat":[415,54,59],"product_tag":[60],"class_list":{"0":"post-34071","1":"product","2":"type-product","3":"status-publish","4":"has-post-thumbnail","6":"product_cat-maal","7":"product_cat-akvarell","8":"product_cat-e-pood","9":"product_tag-e-pood","11":"first","12":"instock","13":"sold-individually","14":"shipping-taxable","15":"purchasable","16":"product-type-simple"},"acf":[],"_links":{"self":[{"href":"https:\/\/alleegalerii.ee\/en\/wp-json\/wp\/v2\/product\/34071","targetHints":{"allow":["GET"]}}],"collection":[{"href":"https:\/\/alleegalerii.ee\/en\/wp-json\/wp\/v2\/product"}],"about":[{"href":"https:\/\/alleegalerii.ee\/en\/wp-json\/wp\/v2\/types\/product"}],"wp:featuredmedia":[{"embeddable":true,"href":"https:\/\/alleegalerii.ee\/en\/wp-json\/wp\/v2\/media\/30866"}],"wp:attachment":[{"href":"https:\/\/alleegalerii.ee\/en\/wp-json\/wp\/v2\/media?parent=34071"}],"wp:term":[{"taxonomy":"product_brand","embeddable":true,"href":"https:\/\/alleegalerii.ee\/en\/wp-json\/wp\/v2\/product_brand?post=34071"},{"taxonomy":"product_cat","embeddable":true,"href":"https:\/\/alleegalerii.ee\/en\/wp-json\/wp\/v2\/product_cat?post=34071"},{"taxonomy":"product_tag","embeddable":true,"href":"https:\/\/alleegalerii.ee\/en\/wp-json\/wp\/v2\/product_tag?post=34071"}],"curies":[{"name":"wp","href":"https:\/\/api.w.org\/{rel}","templated":true}]}}