{"id":34065,"date":"2025-08-30T14:59:15","date_gmt":"2025-08-30T11:59:15","guid":{"rendered":"https:\/\/alleegalerii.ee\/?post_type=product&#038;p=34065"},"modified":"2026-03-26T14:09:24","modified_gmt":"2026-03-26T12:09:24","slug":"navitrolla-koos-2001","status":"publish","type":"product","link":"https:\/\/alleegalerii.ee\/en\/shop\/navitrolla-koos-2001\/","title":{"rendered":"BRON. Navitrolla &#8220;Koos&#8221;, 2001"},"content":{"rendered":"","protected":false},"excerpt":{"rendered":"<p>Kuivn\u00f5el paberil. Raamitud.<\/p>\n<p>M\u00f5\u00f5dud: plm 4,3 x 4,3 cm, raamiga 27 x 27 cm.<\/p>\n<p>All: KOOS kuivn\u00f5el 64\/180 Navitrolla<\/p>\n<p><span style=\"font-weight: 400;\">Navitrolla, kodanikunimega Heiki Trolla, on viljelenud nii maali kui graafikat. Tihti asetab kunstnik maali tegelased harjumatusse keskkonda, vahel lausa utoopiliste maastike keskele. Navitrolla ise on \u00f6elnud, et suurim m\u00f5te, mida ta vaatajatele edasi anda tahab, on see, et maalides on ta \u00f5nnelik ja selle l\u00e4bi on ta muutnud maailma \u00fche inimese v\u00f5rra \u00f5nnelikumaks. <\/span><\/p>\n","protected":false},"featured_media":34068,"template":"","meta":{"_acf_changed":false},"product_brand":[],"product_cat":[61,59],"product_tag":[60],"class_list":{"0":"post-34065","1":"product","2":"type-product","3":"status-publish","4":"has-post-thumbnail","6":"product_cat-graafika","7":"product_cat-e-pood","8":"product_tag-e-pood","10":"first","11":"instock","12":"sold-individually","13":"shipping-taxable","14":"purchasable","15":"product-type-simple"},"acf":[],"_links":{"self":[{"href":"https:\/\/alleegalerii.ee\/en\/wp-json\/wp\/v2\/product\/34065","targetHints":{"allow":["GET"]}}],"collection":[{"href":"https:\/\/alleegalerii.ee\/en\/wp-json\/wp\/v2\/product"}],"about":[{"href":"https:\/\/alleegalerii.ee\/en\/wp-json\/wp\/v2\/types\/product"}],"wp:featuredmedia":[{"embeddable":true,"href":"https:\/\/alleegalerii.ee\/en\/wp-json\/wp\/v2\/media\/34068"}],"wp:attachment":[{"href":"https:\/\/alleegalerii.ee\/en\/wp-json\/wp\/v2\/media?parent=34065"}],"wp:term":[{"taxonomy":"product_brand","embeddable":true,"href":"https:\/\/alleegalerii.ee\/en\/wp-json\/wp\/v2\/product_brand?post=34065"},{"taxonomy":"product_cat","embeddable":true,"href":"https:\/\/alleegalerii.ee\/en\/wp-json\/wp\/v2\/product_cat?post=34065"},{"taxonomy":"product_tag","embeddable":true,"href":"https:\/\/alleegalerii.ee\/en\/wp-json\/wp\/v2\/product_tag?post=34065"}],"curies":[{"name":"wp","href":"https:\/\/api.w.org\/{rel}","templated":true}]}}