{"id":34060,"date":"2025-08-22T15:54:04","date_gmt":"2025-08-22T12:54:04","guid":{"rendered":"https:\/\/alleegalerii.ee\/?post_type=product&#038;p=34060"},"modified":"2025-12-05T13:37:01","modified_gmt":"2025-12-05T11:37:01","slug":"ilmar-torn-rouge-jarved-1967","status":"publish","type":"product","link":"https:\/\/alleegalerii.ee\/en\/shop\/ilmar-torn-rouge-jarved-1967\/","title":{"rendered":"Ilmar Torn &#8220;R\u00f5uge j\u00e4rved&#8221;, 1967"},"content":{"rendered":"","protected":false},"excerpt":{"rendered":"<p>Vineerl\u00f5ige paberil. Raamitud.<\/p>\n<p>M\u00f5\u00f5dud: km 36 x 28,5 cm, raamiga 56 x 46 cm.<\/p>\n<p>All vasakul: R\u00f5uge j\u00e4rved (vineer) 6\/25<br \/>\nAll paremal: ITorn 67<\/p>\n<p>Saaremaalt p\u00e4rit Ilmar Torn l\u00f5petas kiitusega ERKI graafikaosakonna 1955. aastal. Lisaks oli ta pikaaegne Kunstnike Liidu juht. Teos \u00a0&#8220;R\u00f5uge j\u00e4rved&#8221; demonstreerib Torni andekust edasi anda kuuvalguse mahedat kuma ja L\u00f5una-Eesti pehmete maastikuvormide maalilisust.<\/p>\n","protected":false},"featured_media":34061,"template":"","meta":{"_acf_changed":false},"product_brand":[],"product_cat":[61,59],"product_tag":[60],"class_list":{"0":"post-34060","1":"product","2":"type-product","3":"status-publish","4":"has-post-thumbnail","6":"product_cat-graafika","7":"product_cat-e-pood","8":"product_tag-e-pood","10":"first","11":"instock","12":"sold-individually","13":"shipping-taxable","14":"purchasable","15":"product-type-simple"},"acf":[],"_links":{"self":[{"href":"https:\/\/alleegalerii.ee\/en\/wp-json\/wp\/v2\/product\/34060","targetHints":{"allow":["GET"]}}],"collection":[{"href":"https:\/\/alleegalerii.ee\/en\/wp-json\/wp\/v2\/product"}],"about":[{"href":"https:\/\/alleegalerii.ee\/en\/wp-json\/wp\/v2\/types\/product"}],"wp:featuredmedia":[{"embeddable":true,"href":"https:\/\/alleegalerii.ee\/en\/wp-json\/wp\/v2\/media\/34061"}],"wp:attachment":[{"href":"https:\/\/alleegalerii.ee\/en\/wp-json\/wp\/v2\/media?parent=34060"}],"wp:term":[{"taxonomy":"product_brand","embeddable":true,"href":"https:\/\/alleegalerii.ee\/en\/wp-json\/wp\/v2\/product_brand?post=34060"},{"taxonomy":"product_cat","embeddable":true,"href":"https:\/\/alleegalerii.ee\/en\/wp-json\/wp\/v2\/product_cat?post=34060"},{"taxonomy":"product_tag","embeddable":true,"href":"https:\/\/alleegalerii.ee\/en\/wp-json\/wp\/v2\/product_tag?post=34060"}],"curies":[{"name":"wp","href":"https:\/\/api.w.org\/{rel}","templated":true}]}}