{"id":3398,"date":"2021-09-04T20:18:51","date_gmt":"2021-09-04T17:18:51","guid":{"rendered":"https:\/\/alleegalerii.ee\/?post_type=product&#038;p=3398"},"modified":"2024-02-26T10:59:00","modified_gmt":"2024-02-26T08:59:00","slug":"epp-maria-kokamagi-naudi-paeva-2005","status":"publish","type":"product","link":"https:\/\/alleegalerii.ee\/en\/shop\/epp-maria-kokamagi-naudi-paeva-2005\/","title":{"rendered":"Epp Maria Kokam\u00e4gi &#8220;Naudi p\u00e4eva&#8221;, 2005"},"content":{"rendered":"","protected":false},"excerpt":{"rendered":"<p>\u00d5li l\u00f5uendil.<\/p>\n<p>M\u00f5\u00f5dud: 90 x 90 cm, koos raamiga 108 x 108 cm.<\/p>\n<p>Epp Maria Kokam\u00e4gi (s 1959) on l\u00f5petanud Eesti Riikliku Kunstitinstituudi maali erialal ning on 1984. aastast Eesti Kunstnike Liidu liige. Tema teoseid on nii Eesti Kunstimuuseumi, Tartu Kunstimuuseumi, Moskva Tretjakovi galerii kui paljude teiste muuseumite ja erakollektsion\u00e4\u00e4ride kogudes.<\/p>\n","protected":false},"featured_media":3401,"template":"","meta":{"_acf_changed":false},"product_brand":[],"product_cat":[415,56,57,59],"product_tag":[60],"class_list":{"0":"post-3398","1":"product","2":"type-product","3":"status-publish","4":"has-post-thumbnail","6":"product_cat-maal","7":"product_cat-olimaal","8":"product_cat-muudud","9":"product_cat-e-pood","10":"product_tag-e-pood","12":"first","13":"outofstock","14":"sold-individually","15":"shipping-taxable","16":"purchasable","17":"product-type-simple"},"acf":[],"_links":{"self":[{"href":"https:\/\/alleegalerii.ee\/en\/wp-json\/wp\/v2\/product\/3398","targetHints":{"allow":["GET"]}}],"collection":[{"href":"https:\/\/alleegalerii.ee\/en\/wp-json\/wp\/v2\/product"}],"about":[{"href":"https:\/\/alleegalerii.ee\/en\/wp-json\/wp\/v2\/types\/product"}],"wp:featuredmedia":[{"embeddable":true,"href":"https:\/\/alleegalerii.ee\/en\/wp-json\/wp\/v2\/media\/3401"}],"wp:attachment":[{"href":"https:\/\/alleegalerii.ee\/en\/wp-json\/wp\/v2\/media?parent=3398"}],"wp:term":[{"taxonomy":"product_brand","embeddable":true,"href":"https:\/\/alleegalerii.ee\/en\/wp-json\/wp\/v2\/product_brand?post=3398"},{"taxonomy":"product_cat","embeddable":true,"href":"https:\/\/alleegalerii.ee\/en\/wp-json\/wp\/v2\/product_cat?post=3398"},{"taxonomy":"product_tag","embeddable":true,"href":"https:\/\/alleegalerii.ee\/en\/wp-json\/wp\/v2\/product_tag?post=3398"}],"curies":[{"name":"wp","href":"https:\/\/api.w.org\/{rel}","templated":true}]}}