{"id":33977,"date":"2025-08-19T14:17:05","date_gmt":"2025-08-19T11:17:05","guid":{"rendered":"https:\/\/alleegalerii.ee\/?post_type=product&#038;p=33977"},"modified":"2026-01-16T15:50:48","modified_gmt":"2026-01-16T13:50:48","slug":"eduard-einmann-vosu-1958","status":"publish","type":"product","link":"https:\/\/alleegalerii.ee\/en\/shop\/eduard-einmann-vosu-1958\/","title":{"rendered":"Eduard Einmann &#8220;V\u00f5su&#8221;, 1958"},"content":{"rendered":"","protected":false},"excerpt":{"rendered":"<p>Akvarell. Raamitud.<\/p>\n<p>M\u00f5\u00f5dud: 36 x 52 cm, raamiga 53 x 69 cm.<\/p>\n<p>P\u00f6\u00f6rdel: Ed. Einmann V\u00f5su 1958 Autorlust kinnitan \/A. Einmann\/<\/p>\n<p>Nii Riigi Kunstt\u00f6\u00f6stuskooli kui Riigi K\u00f5rgema Kunstikooli l\u00f5petanud Eduard Einmannist (1913-1982) kujunes juba 1950-ndatel \u00fcks tunnustatumaid portretiste. 1960. aastatest alates muutub tema k\u00e4ekiri stiliseeritumaks ning n\u00e4eme uut, katsetustele altimat Einmanni.<\/p>\n","protected":false},"featured_media":33982,"template":"","meta":{"_acf_changed":false},"product_brand":[],"product_cat":[415,54,59],"product_tag":[60],"class_list":{"0":"post-33977","1":"product","2":"type-product","3":"status-publish","4":"has-post-thumbnail","6":"product_cat-maal","7":"product_cat-akvarell","8":"product_cat-e-pood","9":"product_tag-e-pood","11":"first","12":"instock","13":"sold-individually","14":"shipping-taxable","15":"purchasable","16":"product-type-simple"},"acf":[],"_links":{"self":[{"href":"https:\/\/alleegalerii.ee\/en\/wp-json\/wp\/v2\/product\/33977","targetHints":{"allow":["GET"]}}],"collection":[{"href":"https:\/\/alleegalerii.ee\/en\/wp-json\/wp\/v2\/product"}],"about":[{"href":"https:\/\/alleegalerii.ee\/en\/wp-json\/wp\/v2\/types\/product"}],"wp:featuredmedia":[{"embeddable":true,"href":"https:\/\/alleegalerii.ee\/en\/wp-json\/wp\/v2\/media\/33982"}],"wp:attachment":[{"href":"https:\/\/alleegalerii.ee\/en\/wp-json\/wp\/v2\/media?parent=33977"}],"wp:term":[{"taxonomy":"product_brand","embeddable":true,"href":"https:\/\/alleegalerii.ee\/en\/wp-json\/wp\/v2\/product_brand?post=33977"},{"taxonomy":"product_cat","embeddable":true,"href":"https:\/\/alleegalerii.ee\/en\/wp-json\/wp\/v2\/product_cat?post=33977"},{"taxonomy":"product_tag","embeddable":true,"href":"https:\/\/alleegalerii.ee\/en\/wp-json\/wp\/v2\/product_tag?post=33977"}],"curies":[{"name":"wp","href":"https:\/\/api.w.org\/{rel}","templated":true}]}}