{"id":33956,"date":"2025-08-14T14:44:31","date_gmt":"2025-08-14T11:44:31","guid":{"rendered":"https:\/\/alleegalerii.ee\/?post_type=product&#038;p=33956"},"modified":"2025-08-27T17:00:08","modified_gmt":"2025-08-27T14:00:08","slug":"ivar-kaasik-peegeldus-2018","status":"publish","type":"product","link":"https:\/\/alleegalerii.ee\/en\/shop\/ivar-kaasik-peegeldus-2018\/","title":{"rendered":"Ivar Kaasik &#8220;Peegeldus&#8221;, 2018"},"content":{"rendered":"","protected":false},"excerpt":{"rendered":"<p>\u00d5li l\u00f5uendil.<\/p>\n<p>M\u00f5\u00f5dud: 90 x 100 cm.<\/p>\n<p>All paremal: Ivar Kaasik<\/p>\n<p>Berliinis t\u00f6\u00f6tav nimekas eesti maalija ning ehtekunstnik Ivar Kaasik (s 1965 Kuressaares) \u00f5ppis eesti kunsti murranguaegadel nii kodumaal kui Ida-Saksamaal. Vaheaegadega 1983-1992 praeguses Eesti Kunstiakadeemias ja 1989-1990 Halle Kunsti- ja Disaini \u00dclikoolis \u00f5ppides, l\u00f5petas ta 1992 EKA metallikunstniku diplomiga. Maalimisega alustas ta 1996 peale tol aastal Pariisis rahvusvahelise teemantehte konkursi peaauhinna v\u00f5itmist.<\/p>\n<p>Kui Kaasik 1996. aastal Berliinis esimesed neofotorealistlikud maalid tegi, oli taoline v\u00e4ljenduslaad just l\u00e4\u00e4ne nooremas kunstis uuesti moodi minemas. Saksamaa \u00fche toonase esimaalija Gerhard Richteri ja Neo Rauchi inspireerivat eeskuju s\u00fcnteesides demonstreerib Kaasik end nihestatud, justkui liikumiselt tabatud fotokaadri suurep\u00e4rase \u00e4ramaalijana.<\/p>\n<p>Kunstniku fookuses pole fotoaparaadi mehaaniline silm &#8211; see on ja j\u00e4\u00e4b Kaasiku puhul vaid s\u00fcndmust fikseerivaks esmaseks abivahendiks. Nii kui protsess j\u00f5uab maalimise staadiumisse, sekkub aktsiooni inimsilm, kunstniku kriitline v\u00f5i irooniline vaatlejapilk, kes deformeerib, retu\u0161eerib ja dem\u00fcstifitseerib kujutatud objekti. Fotograafiliselt t\u00e4pne objekti kujutus kasvab \u00fcle vabaks maalilisuseks.<\/p>\n<p>Teos on eksponeeritud Ivar Kaasiku maalin\u00e4itusel \u201eTundelised teekonnad\u201c Allee galeriis 21.08-13.09.2025.<\/p>\n","protected":false},"featured_media":33957,"template":"","meta":{"_acf_changed":false},"product_brand":[],"product_cat":[415,56,57,59],"product_tag":[60],"class_list":{"0":"post-33956","1":"product","2":"type-product","3":"status-publish","4":"has-post-thumbnail","6":"product_cat-maal","7":"product_cat-olimaal","8":"product_cat-muudud","9":"product_cat-e-pood","10":"product_tag-e-pood","12":"first","13":"outofstock","14":"sold-individually","15":"shipping-taxable","16":"purchasable","17":"product-type-simple"},"acf":[],"_links":{"self":[{"href":"https:\/\/alleegalerii.ee\/en\/wp-json\/wp\/v2\/product\/33956","targetHints":{"allow":["GET"]}}],"collection":[{"href":"https:\/\/alleegalerii.ee\/en\/wp-json\/wp\/v2\/product"}],"about":[{"href":"https:\/\/alleegalerii.ee\/en\/wp-json\/wp\/v2\/types\/product"}],"wp:featuredmedia":[{"embeddable":true,"href":"https:\/\/alleegalerii.ee\/en\/wp-json\/wp\/v2\/media\/33957"}],"wp:attachment":[{"href":"https:\/\/alleegalerii.ee\/en\/wp-json\/wp\/v2\/media?parent=33956"}],"wp:term":[{"taxonomy":"product_brand","embeddable":true,"href":"https:\/\/alleegalerii.ee\/en\/wp-json\/wp\/v2\/product_brand?post=33956"},{"taxonomy":"product_cat","embeddable":true,"href":"https:\/\/alleegalerii.ee\/en\/wp-json\/wp\/v2\/product_cat?post=33956"},{"taxonomy":"product_tag","embeddable":true,"href":"https:\/\/alleegalerii.ee\/en\/wp-json\/wp\/v2\/product_tag?post=33956"}],"curies":[{"name":"wp","href":"https:\/\/api.w.org\/{rel}","templated":true}]}}