{"id":33907,"date":"2025-08-13T15:24:36","date_gmt":"2025-08-13T12:24:36","guid":{"rendered":"https:\/\/alleegalerii.ee\/?post_type=product&#038;p=33907"},"modified":"2026-02-26T07:47:51","modified_gmt":"2026-02-26T05:47:51","slug":"marju-bormeister-ohtune-rannik-1990","status":"publish","type":"product","link":"https:\/\/alleegalerii.ee\/en\/shop\/marju-bormeister-ohtune-rannik-1990\/","title":{"rendered":"Marju Bormeister &#8220;\u00d5htune rannik&#8221;, 1990"},"content":{"rendered":"","protected":false},"excerpt":{"rendered":"<p>M\u00dc\u00dcDUD.<\/p>\n<p>\u00d5li masoniidil. Raamitud.<\/p>\n<p>M\u00f5\u00f5dud: 50 x 69,5 cm, raamiga 52 x 72 cm.<\/p>\n<p>All vasakul: BORMEISTER-KAGOVERE<br \/>\nP\u00f6\u00f6rdel: MARJU BORMEISTER-KAGOVERE TALLINN, 1990 \u00d5HTUNE RANNIK 50 x 69,5<\/p>\n<p>Marju Bormeister sai juba geenidega kaasa kunstiande. 1985. aastal ERKI maalikunstniku ja pedagoogina l\u00f5petanud Bormeister armastab oma loomingus kasutada motiive loodusest, lisaks maastike kujutamisele ka k\u00f5nekaid s\u00fcmboleid nagu kala v\u00f5i kukk. K\u00e4esoleval teosel kutsub kunstnik meid aga meditatiivsele r\u00e4nnakule \u00f5htuse Eestimaa rahustavas kumas.<\/p>\n","protected":false},"featured_media":33908,"template":"","meta":{"_acf_changed":false},"product_brand":[],"product_cat":[415,56,57,59],"product_tag":[60],"class_list":{"0":"post-33907","1":"product","2":"type-product","3":"status-publish","4":"has-post-thumbnail","6":"product_cat-maal","7":"product_cat-olimaal","8":"product_cat-muudud","9":"product_cat-e-pood","10":"product_tag-e-pood","12":"first","13":"outofstock","14":"sold-individually","15":"shipping-taxable","16":"purchasable","17":"product-type-simple"},"acf":[],"_links":{"self":[{"href":"https:\/\/alleegalerii.ee\/en\/wp-json\/wp\/v2\/product\/33907","targetHints":{"allow":["GET"]}}],"collection":[{"href":"https:\/\/alleegalerii.ee\/en\/wp-json\/wp\/v2\/product"}],"about":[{"href":"https:\/\/alleegalerii.ee\/en\/wp-json\/wp\/v2\/types\/product"}],"wp:featuredmedia":[{"embeddable":true,"href":"https:\/\/alleegalerii.ee\/en\/wp-json\/wp\/v2\/media\/33908"}],"wp:attachment":[{"href":"https:\/\/alleegalerii.ee\/en\/wp-json\/wp\/v2\/media?parent=33907"}],"wp:term":[{"taxonomy":"product_brand","embeddable":true,"href":"https:\/\/alleegalerii.ee\/en\/wp-json\/wp\/v2\/product_brand?post=33907"},{"taxonomy":"product_cat","embeddable":true,"href":"https:\/\/alleegalerii.ee\/en\/wp-json\/wp\/v2\/product_cat?post=33907"},{"taxonomy":"product_tag","embeddable":true,"href":"https:\/\/alleegalerii.ee\/en\/wp-json\/wp\/v2\/product_tag?post=33907"}],"curies":[{"name":"wp","href":"https:\/\/api.w.org\/{rel}","templated":true}]}}