{"id":33906,"date":"2025-08-14T02:00:30","date_gmt":"2025-08-13T23:00:30","guid":{"rendered":"https:\/\/alleegalerii.ee\/?post_type=product&#038;p=33906"},"modified":"2025-08-14T02:00:32","modified_gmt":"2025-08-13T23:00:32","slug":"marju-bormeister-talu-saaremaal-1992","status":"publish","type":"product","link":"https:\/\/alleegalerii.ee\/en\/shop\/marju-bormeister-talu-saaremaal-1992\/","title":{"rendered":"Marju Bormeister &#8220;Talu Saaremaal&#8221;, 1992"},"content":{"rendered":"","protected":false},"excerpt":{"rendered":"<p>\u00d5li masoniidil.<\/p>\n<p>M\u00f5\u00f5dud: 23,5 x 37 cm.<\/p>\n<p>All paremal: M. BORMEISTER<br \/>\nP\u00f6\u00f6rdel: MARJU BORMEISTER Tallinn, 1992 Talu. Saaremaal. (Muhumaa, Liiva k\u00fcla Paali talu) \u00f5li orgallit<\/p>\n<p>Teos on m\u00fc\u00fcgil raamimata kujul. Soovi korral saame abiks olla raamimisel.<\/p>\n<p>Marju Bormeister sai juba geenidega kaasa kunstiande. 1985. aastal ERKI maalikunstniku ja pedagoogina l\u00f5petanud Bormeister armastab oma loomingus kasutada motiive loodusest, lisaks maastike kujutamisele ka k\u00f5nekaid s\u00fcmboleid nagu kala v\u00f5i kukk.<\/p>\n","protected":false},"featured_media":33912,"template":"","meta":{"_acf_changed":false},"product_brand":[],"product_cat":[415,56,59],"product_tag":[60],"class_list":{"0":"post-33906","1":"product","2":"type-product","3":"status-publish","4":"has-post-thumbnail","6":"product_cat-maal","7":"product_cat-olimaal","8":"product_cat-e-pood","9":"product_tag-e-pood","11":"first","12":"instock","13":"sold-individually","14":"shipping-taxable","15":"purchasable","16":"product-type-simple"},"acf":[],"_links":{"self":[{"href":"https:\/\/alleegalerii.ee\/en\/wp-json\/wp\/v2\/product\/33906","targetHints":{"allow":["GET"]}}],"collection":[{"href":"https:\/\/alleegalerii.ee\/en\/wp-json\/wp\/v2\/product"}],"about":[{"href":"https:\/\/alleegalerii.ee\/en\/wp-json\/wp\/v2\/types\/product"}],"wp:featuredmedia":[{"embeddable":true,"href":"https:\/\/alleegalerii.ee\/en\/wp-json\/wp\/v2\/media\/33912"}],"wp:attachment":[{"href":"https:\/\/alleegalerii.ee\/en\/wp-json\/wp\/v2\/media?parent=33906"}],"wp:term":[{"taxonomy":"product_brand","embeddable":true,"href":"https:\/\/alleegalerii.ee\/en\/wp-json\/wp\/v2\/product_brand?post=33906"},{"taxonomy":"product_cat","embeddable":true,"href":"https:\/\/alleegalerii.ee\/en\/wp-json\/wp\/v2\/product_cat?post=33906"},{"taxonomy":"product_tag","embeddable":true,"href":"https:\/\/alleegalerii.ee\/en\/wp-json\/wp\/v2\/product_tag?post=33906"}],"curies":[{"name":"wp","href":"https:\/\/api.w.org\/{rel}","templated":true}]}}