{"id":33885,"date":"2025-08-14T02:01:21","date_gmt":"2025-08-13T23:01:21","guid":{"rendered":"https:\/\/alleegalerii.ee\/?post_type=product&#038;p=33885"},"modified":"2026-01-16T15:53:01","modified_gmt":"2026-01-16T13:53:01","slug":"evald-okas-purjekad-1965","status":"publish","type":"product","link":"https:\/\/alleegalerii.ee\/en\/shop\/evald-okas-purjekad-1965\/","title":{"rendered":"Evald Okas &#8220;Purjekad&#8221;, 1965"},"content":{"rendered":"","protected":false},"excerpt":{"rendered":"<p>Raamitud.<\/p>\n<p>M\u00f5\u00f5dud: plm 15,8 x 19,8 cm, raamiga 43 x 46,5 cm.<\/p>\n<p>All vasakul: Purjekad IV 12\/20<br \/>\nAll paremal: EOkas 965<\/p>\n<p>Evald Okas l\u00f5petas Riigi K\u00f5rgema Kunstikooli maali alal 1941. aastal ning samal aastal mobiliseeriti ta Punaarmeesse ning kuulus n\u00f6. rindekunstnikuna ka Jaroslavli eesti kunstnike kollektiivi.<\/p>\n","protected":false},"featured_media":33903,"template":"","meta":{"_acf_changed":false},"product_brand":[],"product_cat":[61,59],"product_tag":[60],"class_list":{"0":"post-33885","1":"product","2":"type-product","3":"status-publish","4":"has-post-thumbnail","6":"product_cat-graafika","7":"product_cat-e-pood","8":"product_tag-e-pood","10":"first","11":"instock","12":"sold-individually","13":"shipping-taxable","14":"purchasable","15":"product-type-simple"},"acf":[],"_links":{"self":[{"href":"https:\/\/alleegalerii.ee\/en\/wp-json\/wp\/v2\/product\/33885","targetHints":{"allow":["GET"]}}],"collection":[{"href":"https:\/\/alleegalerii.ee\/en\/wp-json\/wp\/v2\/product"}],"about":[{"href":"https:\/\/alleegalerii.ee\/en\/wp-json\/wp\/v2\/types\/product"}],"wp:featuredmedia":[{"embeddable":true,"href":"https:\/\/alleegalerii.ee\/en\/wp-json\/wp\/v2\/media\/33903"}],"wp:attachment":[{"href":"https:\/\/alleegalerii.ee\/en\/wp-json\/wp\/v2\/media?parent=33885"}],"wp:term":[{"taxonomy":"product_brand","embeddable":true,"href":"https:\/\/alleegalerii.ee\/en\/wp-json\/wp\/v2\/product_brand?post=33885"},{"taxonomy":"product_cat","embeddable":true,"href":"https:\/\/alleegalerii.ee\/en\/wp-json\/wp\/v2\/product_cat?post=33885"},{"taxonomy":"product_tag","embeddable":true,"href":"https:\/\/alleegalerii.ee\/en\/wp-json\/wp\/v2\/product_tag?post=33885"}],"curies":[{"name":"wp","href":"https:\/\/api.w.org\/{rel}","templated":true}]}}