{"id":33863,"date":"2025-07-21T14:55:56","date_gmt":"2025-07-21T11:55:56","guid":{"rendered":"https:\/\/alleegalerii.ee\/?post_type=product&#038;p=33863"},"modified":"2026-01-16T15:56:38","modified_gmt":"2026-01-16T13:56:38","slug":"jaan-toomik-akt","status":"publish","type":"product","link":"https:\/\/alleegalerii.ee\/en\/shop\/jaan-toomik-akt\/","title":{"rendered":"Jaan Toomik &#8220;Akt&#8221;"},"content":{"rendered":"","protected":false},"excerpt":{"rendered":"<p>S\u00fcsi paberil. Raamitud.<\/p>\n<p>M\u00f5\u00f5dud 61 x 42,5 cm. Raamiga 73,5 x 52 cm.<\/p>\n<p>All paremal: JT<br \/>\nP\u00f6\u00f6rdel: Jaan Toomik<\/p>\n<p>Eesti \u00fche rahvusvaheliselt tuntuma n\u00fc\u00fcdiskunstniku, Jaan Toomiku (s 1961) teoseid kuulub maailma parimatesse kollektsioonidesse.\u00a0 2020. aastal p\u00e4lvis ta Kristjan Raua preemia.<\/p>\n","protected":false},"featured_media":33864,"template":"","meta":{"_acf_changed":false},"product_brand":[],"product_cat":[62,59],"product_tag":[],"class_list":{"0":"post-33863","1":"product","2":"type-product","3":"status-publish","4":"has-post-thumbnail","6":"product_cat-joonistus","7":"product_cat-e-pood","9":"first","10":"instock","11":"sold-individually","12":"shipping-taxable","13":"purchasable","14":"product-type-simple"},"acf":[],"_links":{"self":[{"href":"https:\/\/alleegalerii.ee\/en\/wp-json\/wp\/v2\/product\/33863","targetHints":{"allow":["GET"]}}],"collection":[{"href":"https:\/\/alleegalerii.ee\/en\/wp-json\/wp\/v2\/product"}],"about":[{"href":"https:\/\/alleegalerii.ee\/en\/wp-json\/wp\/v2\/types\/product"}],"wp:featuredmedia":[{"embeddable":true,"href":"https:\/\/alleegalerii.ee\/en\/wp-json\/wp\/v2\/media\/33864"}],"wp:attachment":[{"href":"https:\/\/alleegalerii.ee\/en\/wp-json\/wp\/v2\/media?parent=33863"}],"wp:term":[{"taxonomy":"product_brand","embeddable":true,"href":"https:\/\/alleegalerii.ee\/en\/wp-json\/wp\/v2\/product_brand?post=33863"},{"taxonomy":"product_cat","embeddable":true,"href":"https:\/\/alleegalerii.ee\/en\/wp-json\/wp\/v2\/product_cat?post=33863"},{"taxonomy":"product_tag","embeddable":true,"href":"https:\/\/alleegalerii.ee\/en\/wp-json\/wp\/v2\/product_tag?post=33863"}],"curies":[{"name":"wp","href":"https:\/\/api.w.org\/{rel}","templated":true}]}}