{"id":33846,"date":"2025-07-04T06:09:27","date_gmt":"2025-07-04T03:09:27","guid":{"rendered":"https:\/\/alleegalerii.ee\/?post_type=product&#038;p=33846"},"modified":"2025-12-05T13:40:31","modified_gmt":"2025-12-05T11:40:31","slug":"karl-burman-junior-joekallas","status":"publish","type":"product","link":"https:\/\/alleegalerii.ee\/en\/shop\/karl-burman-junior-joekallas\/","title":{"rendered":"Karl Burman junior &#8220;J\u00f5ekallas&#8221;"},"content":{"rendered":"","protected":false},"excerpt":{"rendered":"<p>Akvarell. Raamitud.<\/p>\n<p>M\u00f5\u00f5dud 35,5 x 46,5 cm. Raamiga 48 x 64 cm.<\/p>\n<p>Karl Burman junior (1914-2001) \u00f5ppis akvarelli oma isalt ja onult ning viljeles seda 1930. aastate l\u00f5pust peale. L\u00e4bi aastak\u00fcmnete oli ta \u00fcks eesti tuntumaid akvarelliste ja valitud ka Eesti Akvarellistide \u00dchenduse auliikmeks. Ta maalis p\u00f5hiliselt maastikke, veduute ja lilli. Tema formaadid on \u00fcsna suured, eriti v\u00f5rreldes Karl Burman seeniori omadega.<\/p>\n","protected":false},"featured_media":33849,"template":"","meta":{"_acf_changed":false},"product_brand":[],"product_cat":[415,54,59],"product_tag":[],"class_list":{"0":"post-33846","1":"product","2":"type-product","3":"status-publish","4":"has-post-thumbnail","6":"product_cat-maal","7":"product_cat-akvarell","8":"product_cat-e-pood","10":"first","11":"instock","12":"sold-individually","13":"shipping-taxable","14":"purchasable","15":"product-type-simple"},"acf":[],"_links":{"self":[{"href":"https:\/\/alleegalerii.ee\/en\/wp-json\/wp\/v2\/product\/33846","targetHints":{"allow":["GET"]}}],"collection":[{"href":"https:\/\/alleegalerii.ee\/en\/wp-json\/wp\/v2\/product"}],"about":[{"href":"https:\/\/alleegalerii.ee\/en\/wp-json\/wp\/v2\/types\/product"}],"wp:featuredmedia":[{"embeddable":true,"href":"https:\/\/alleegalerii.ee\/en\/wp-json\/wp\/v2\/media\/33849"}],"wp:attachment":[{"href":"https:\/\/alleegalerii.ee\/en\/wp-json\/wp\/v2\/media?parent=33846"}],"wp:term":[{"taxonomy":"product_brand","embeddable":true,"href":"https:\/\/alleegalerii.ee\/en\/wp-json\/wp\/v2\/product_brand?post=33846"},{"taxonomy":"product_cat","embeddable":true,"href":"https:\/\/alleegalerii.ee\/en\/wp-json\/wp\/v2\/product_cat?post=33846"},{"taxonomy":"product_tag","embeddable":true,"href":"https:\/\/alleegalerii.ee\/en\/wp-json\/wp\/v2\/product_tag?post=33846"}],"curies":[{"name":"wp","href":"https:\/\/api.w.org\/{rel}","templated":true}]}}